{"id":14282,"date":"2025-01-14T17:34:54","date_gmt":"2025-01-14T16:34:54","guid":{"rendered":"http:\/\/www.belvederehotel.it\/habitaciones\/"},"modified":"2025-07-04T14:29:22","modified_gmt":"2025-07-04T13:29:22","slug":"habitaciones","status":"publish","type":"page","link":"https:\/\/www.belvederehotel.it\/es\/habitaciones\/","title":{"rendered":"Habitaciones"},"content":{"rendered":"\t\t<div data-elementor-type=\"wp-page\" data-elementor-id=\"14282\" class=\"elementor elementor-14282 elementor-12518\">\n\t\t\t\t<div class=\"elementor-element elementor-element-f77c565 e-flex e-con-boxed e-con e-parent\" data-id=\"f77c565\" data-element_type=\"container\" data-e-type=\"container\" data-settings=\"{&quot;background_background&quot;:&quot;classic&quot;}\">\n\t\t\t\t\t<div class=\"e-con-inner\">\n\t\t<div class=\"elementor-element elementor-element-1eb2a0c e-con-full e-flex e-con e-child\" data-id=\"1eb2a0c\" data-element_type=\"container\" data-e-type=\"container\">\n\t\t\t\t<div class=\"elementor-element elementor-element-889b23c elementor-widget elementor-widget-carsten_core_image_with_text\" data-id=\"889b23c\" data-element_type=\"widget\" data-e-type=\"widget\" data-widget_type=\"carsten_core_image_with_text.default\">\n\t\t\t\t<div class=\"elementor-widget-container\">\n\t\t\t\t\t<div class=\"qodef-shortcode qodef-m  qodef-image-with-text qodef-layout--text-below  qodef--has-appear qodef--has-hover\" data-appear-delay=\"509\">\n\t<div class=\"qodef-m-image\">\n\t\t\t<a itemprop=\"url\" href=\"https:\/\/www.belvederehotel.it\/camere\/standard\/\" target=\"_self\">\n\t\t\t<img fetchpriority=\"high\" decoding=\"async\" width=\"2560\" height=\"1707\" src=\"https:\/\/www.belvederehotel.it\/wp-content\/uploads\/2025\/07\/228-room-8-scaled.jpg\" class=\"attachment-full size-full\" alt=\"\" srcset=\"https:\/\/www.belvederehotel.it\/wp-content\/uploads\/2025\/07\/228-room-8-scaled.jpg 2560w, https:\/\/www.belvederehotel.it\/wp-content\/uploads\/2025\/07\/228-room-8-300x200.jpg 300w, https:\/\/www.belvederehotel.it\/wp-content\/uploads\/2025\/07\/228-room-8-1024x683.jpg 1024w, https:\/\/www.belvederehotel.it\/wp-content\/uploads\/2025\/07\/228-room-8-768x512.jpg 768w, https:\/\/www.belvederehotel.it\/wp-content\/uploads\/2025\/07\/228-room-8-1536x1024.jpg 1536w, https:\/\/www.belvederehotel.it\/wp-content\/uploads\/2025\/07\/228-room-8-2048x1365.jpg 2048w\" sizes=\"(max-width: 2560px) 100vw, 2560px\" \/>\t\t\t<\/a>\n\t<\/div>\n\t<div class=\"qodef-m-content\">\n\t\t\t<h4 class=\"qodef-m-title\" >\n\t\t\t\t\t<a itemprop=\"url\" href=\"https:\/\/www.belvederehotel.it\/camere\/standard\/\" target=\"_self\">\n\t\t\t\t\tEst\u00e1ndar\t\t\t\t\t<\/a>\n\t\t\t<\/h4>\n\t\t\t<div class=\"qodef-m-text\" ><p>Habitaci\u00f3n doble est\u00e1ndar de 24 m2 con terraza con vistas al mar y ba\u00f1o privado.<\/p><\/div>\n\t<\/div>\n<\/div>\n\t\t\t\t<\/div>\n\t\t\t\t<\/div>\n\t\t\t\t<\/div>\n\t\t<div class=\"elementor-element elementor-element-fac3ea2 e-con-full e-flex e-con e-child\" data-id=\"fac3ea2\" data-element_type=\"container\" data-e-type=\"container\">\n\t\t\t\t<div class=\"elementor-element elementor-element-0ac67c6 elementor-widget elementor-widget-carsten_core_image_with_text\" data-id=\"0ac67c6\" data-element_type=\"widget\" data-e-type=\"widget\" data-widget_type=\"carsten_core_image_with_text.default\">\n\t\t\t\t<div class=\"elementor-widget-container\">\n\t\t\t\t\t<div class=\"qodef-shortcode qodef-m  qodef-image-with-text qodef-layout--text-below  qodef--has-appear qodef--has-hover\" data-appear-delay=\"27\">\n\t<div class=\"qodef-m-image\">\n\t\t\t<a itemprop=\"url\" href=\"https:\/\/www.belvederehotel.it\/camere\/superior\/\" target=\"_self\">\n\t\t\t<img decoding=\"async\" width=\"2560\" height=\"1707\" src=\"https:\/\/www.belvederehotel.it\/wp-content\/uploads\/2025\/07\/122-Room-2-scaled.jpg\" class=\"attachment-full size-full\" alt=\"\" srcset=\"https:\/\/www.belvederehotel.it\/wp-content\/uploads\/2025\/07\/122-Room-2-scaled.jpg 2560w, https:\/\/www.belvederehotel.it\/wp-content\/uploads\/2025\/07\/122-Room-2-300x200.jpg 300w, https:\/\/www.belvederehotel.it\/wp-content\/uploads\/2025\/07\/122-Room-2-1024x683.jpg 1024w, https:\/\/www.belvederehotel.it\/wp-content\/uploads\/2025\/07\/122-Room-2-768x512.jpg 768w, https:\/\/www.belvederehotel.it\/wp-content\/uploads\/2025\/07\/122-Room-2-1536x1024.jpg 1536w, https:\/\/www.belvederehotel.it\/wp-content\/uploads\/2025\/07\/122-Room-2-2048x1365.jpg 2048w\" sizes=\"(max-width: 2560px) 100vw, 2560px\" \/>\t\t\t<\/a>\n\t<\/div>\n\t<div class=\"qodef-m-content\">\n\t\t\t<h4 class=\"qodef-m-title\" >\n\t\t\t\t\t<a itemprop=\"url\" href=\"https:\/\/www.belvederehotel.it\/camere\/superior\/\" target=\"_self\">\n\t\t\t\t\tSuperior\t\t\t\t\t<\/a>\n\t\t\t<\/h4>\n\t\t\t<div class=\"qodef-m-text\" ><p>Habitaci\u00f3n superior de 34 m2, con ba\u00f1o privado y terraza con vistas al mar. <\/p><\/div>\n\t<\/div>\n<\/div>\n\t\t\t\t<\/div>\n\t\t\t\t<\/div>\n\t\t\t\t<\/div>\n\t\t<div class=\"elementor-element elementor-element-05f36dc e-con-full e-flex e-con e-child\" data-id=\"05f36dc\" data-element_type=\"container\" data-e-type=\"container\">\n\t\t\t\t<div class=\"elementor-element elementor-element-4dc0b27 elementor-widget elementor-widget-carsten_core_image_with_text\" data-id=\"4dc0b27\" data-element_type=\"widget\" data-e-type=\"widget\" data-widget_type=\"carsten_core_image_with_text.default\">\n\t\t\t\t<div class=\"elementor-widget-container\">\n\t\t\t\t\t<div class=\"qodef-shortcode qodef-m  qodef-image-with-text qodef-layout--text-below  qodef--has-appear qodef--has-hover\" data-appear-delay=\"579\">\n\t<div class=\"qodef-m-image\">\n\t\t\t<a itemprop=\"url\" href=\"https:\/\/www.belvederehotel.it\/camere\/junior-suite\/\" target=\"_self\">\n\t\t\t<img decoding=\"async\" width=\"2560\" height=\"1707\" src=\"https:\/\/www.belvederehotel.it\/wp-content\/uploads\/2025\/07\/114-room-11-scaled.jpg\" class=\"attachment-full size-full\" alt=\"\" srcset=\"https:\/\/www.belvederehotel.it\/wp-content\/uploads\/2025\/07\/114-room-11-scaled.jpg 2560w, https:\/\/www.belvederehotel.it\/wp-content\/uploads\/2025\/07\/114-room-11-300x200.jpg 300w, https:\/\/www.belvederehotel.it\/wp-content\/uploads\/2025\/07\/114-room-11-1024x683.jpg 1024w, https:\/\/www.belvederehotel.it\/wp-content\/uploads\/2025\/07\/114-room-11-768x512.jpg 768w, https:\/\/www.belvederehotel.it\/wp-content\/uploads\/2025\/07\/114-room-11-1536x1024.jpg 1536w, https:\/\/www.belvederehotel.it\/wp-content\/uploads\/2025\/07\/114-room-11-2048x1365.jpg 2048w\" sizes=\"(max-width: 2560px) 100vw, 2560px\" \/>\t\t\t<\/a>\n\t<\/div>\n\t<div class=\"qodef-m-content\">\n\t\t\t<h4 class=\"qodef-m-title\" >\n\t\t\t\t\t<a itemprop=\"url\" href=\"https:\/\/www.belvederehotel.it\/camere\/junior-suite\/\" target=\"_self\">\n\t\t\t\t\tSuite Junior\t\t\t\t\t<\/a>\n\t\t\t<\/h4>\n\t\t\t<div class=\"qodef-m-text\" ><p>Junior Suite de 36 m2, con peque\u00f1a sala de estar, ba\u00f1o privado y terraza con vistas al mar. <\/p><\/div>\n\t<\/div>\n<\/div>\n\t\t\t\t<\/div>\n\t\t\t\t<\/div>\n\t\t\t\t<\/div>\n\t\t<div class=\"elementor-element elementor-element-245137b e-con-full e-flex e-con e-child\" data-id=\"245137b\" data-element_type=\"container\" data-e-type=\"container\">\n\t\t\t\t<div class=\"elementor-element elementor-element-61f990a elementor-widget elementor-widget-carsten_core_image_with_text\" data-id=\"61f990a\" data-element_type=\"widget\" data-e-type=\"widget\" data-widget_type=\"carsten_core_image_with_text.default\">\n\t\t\t\t<div class=\"elementor-widget-container\">\n\t\t\t\t\t<div class=\"qodef-shortcode qodef-m  qodef-image-with-text qodef-layout--text-below  qodef--has-appear qodef--has-hover\" data-appear-delay=\"79\">\n\t<div class=\"qodef-m-image\">\n\t\t\t<a itemprop=\"url\" href=\"https:\/\/www.belvederehotel.it\/camere\/Suite\" target=\"_self\">\n\t\t\t<img loading=\"lazy\" decoding=\"async\" width=\"2560\" height=\"1707\" src=\"https:\/\/www.belvederehotel.it\/wp-content\/uploads\/2025\/07\/121-room-1-scaled.jpg\" class=\"attachment-full size-full\" alt=\"\" srcset=\"https:\/\/www.belvederehotel.it\/wp-content\/uploads\/2025\/07\/121-room-1-scaled.jpg 2560w, https:\/\/www.belvederehotel.it\/wp-content\/uploads\/2025\/07\/121-room-1-300x200.jpg 300w, https:\/\/www.belvederehotel.it\/wp-content\/uploads\/2025\/07\/121-room-1-1024x683.jpg 1024w, https:\/\/www.belvederehotel.it\/wp-content\/uploads\/2025\/07\/121-room-1-768x512.jpg 768w, https:\/\/www.belvederehotel.it\/wp-content\/uploads\/2025\/07\/121-room-1-1536x1024.jpg 1536w, https:\/\/www.belvederehotel.it\/wp-content\/uploads\/2025\/07\/121-room-1-2048x1365.jpg 2048w\" sizes=\"(max-width: 2560px) 100vw, 2560px\" \/>\t\t\t<\/a>\n\t<\/div>\n\t<div class=\"qodef-m-content\">\n\t\t\t<h4 class=\"qodef-m-title\" >\n\t\t\t\t\t<a itemprop=\"url\" href=\"https:\/\/www.belvederehotel.it\/camere\/Suite\" target=\"_self\">\n\t\t\t\t\tSuite\t\t\t\t\t<\/a>\n\t\t\t<\/h4>\n\t\t\t<div class=\"qodef-m-text\" ><p>Suite de 45 m2, sala de estar, ba\u00f1o privado y terraza con vistas al mar.<\/p><\/div>\n\t<\/div>\n<\/div>\n\t\t\t\t<\/div>\n\t\t\t\t<\/div>\n\t\t\t\t<\/div>\n\t\t<div class=\"elementor-element elementor-element-c144ddc e-con-full e-flex e-con e-child\" data-id=\"c144ddc\" data-element_type=\"container\" data-e-type=\"container\">\n\t\t\t\t<div class=\"elementor-element elementor-element-24f092c elementor-widget elementor-widget-carsten_core_image_with_text\" data-id=\"24f092c\" data-element_type=\"widget\" data-e-type=\"widget\" data-widget_type=\"carsten_core_image_with_text.default\">\n\t\t\t\t<div class=\"elementor-widget-container\">\n\t\t\t\t\t<div class=\"qodef-shortcode qodef-m  qodef-image-with-text qodef-layout--text-below  qodef--has-appear qodef--has-hover\" data-appear-delay=\"466\">\n\t<div class=\"qodef-m-image\">\n\t\t\t<a itemprop=\"url\" href=\"https:\/\/www.belvederehotel.it\/camere\/camera-per-famiglia\" target=\"_self\">\n\t\t\t<img loading=\"lazy\" decoding=\"async\" width=\"2560\" height=\"1707\" src=\"https:\/\/www.belvederehotel.it\/wp-content\/uploads\/2025\/07\/107-Room-33-scaled.jpg\" class=\"attachment-full size-full\" alt=\"\" srcset=\"https:\/\/www.belvederehotel.it\/wp-content\/uploads\/2025\/07\/107-Room-33-scaled.jpg 2560w, https:\/\/www.belvederehotel.it\/wp-content\/uploads\/2025\/07\/107-Room-33-300x200.jpg 300w, https:\/\/www.belvederehotel.it\/wp-content\/uploads\/2025\/07\/107-Room-33-1024x683.jpg 1024w, https:\/\/www.belvederehotel.it\/wp-content\/uploads\/2025\/07\/107-Room-33-768x512.jpg 768w, https:\/\/www.belvederehotel.it\/wp-content\/uploads\/2025\/07\/107-Room-33-1536x1024.jpg 1536w, https:\/\/www.belvederehotel.it\/wp-content\/uploads\/2025\/07\/107-Room-33-2048x1365.jpg 2048w\" sizes=\"(max-width: 2560px) 100vw, 2560px\" \/>\t\t\t<\/a>\n\t<\/div>\n\t<div class=\"qodef-m-content\">\n\t\t\t<h4 class=\"qodef-m-title\" >\n\t\t\t\t\t<a itemprop=\"url\" href=\"https:\/\/www.belvederehotel.it\/camere\/camera-per-famiglia\" target=\"_self\">\n\t\t\t\t\tHabitaci\u00f3n familiar\t\t\t\t\t<\/a>\n\t\t\t<\/h4>\n\t\t\t<div class=\"qodef-m-text\" ><p>Habitaci\u00f3n familiar, formada por dos habitaciones contiguas, divididas por una puerta, con una sola entrada, ba\u00f1o privado y terraza con vistas al mar <\/p><\/div>\n\t<\/div>\n<\/div>\n\t\t\t\t<\/div>\n\t\t\t\t<\/div>\n\t\t\t\t<\/div>\n\t\t<div class=\"elementor-element elementor-element-becfa8b e-con-full e-flex e-con e-child\" data-id=\"becfa8b\" data-element_type=\"container\" data-e-type=\"container\">\n\t\t\t\t<div class=\"elementor-element elementor-element-cdeeede elementor-widget elementor-widget-carsten_core_image_with_text\" data-id=\"cdeeede\" data-element_type=\"widget\" data-e-type=\"widget\" data-widget_type=\"carsten_core_image_with_text.default\">\n\t\t\t\t<div class=\"elementor-widget-container\">\n\t\t\t\t\t<div class=\"qodef-shortcode qodef-m  qodef-image-with-text qodef-layout--text-below  qodef--has-appear qodef--has-hover\" data-appear-delay=\"481\">\n\t<div class=\"qodef-m-image\">\n\t\t\t<a itemprop=\"url\" href=\"https:\/\/www.belvederehotel.it\/camere\/doppia-uso-singola\/\" target=\"_self\">\n\t\t\t<img loading=\"lazy\" decoding=\"async\" width=\"2560\" height=\"1707\" src=\"https:\/\/www.belvederehotel.it\/wp-content\/uploads\/2025\/07\/228-room-9-scaled.jpg\" class=\"attachment-full size-full\" alt=\"\" srcset=\"https:\/\/www.belvederehotel.it\/wp-content\/uploads\/2025\/07\/228-room-9-scaled.jpg 2560w, https:\/\/www.belvederehotel.it\/wp-content\/uploads\/2025\/07\/228-room-9-300x200.jpg 300w, https:\/\/www.belvederehotel.it\/wp-content\/uploads\/2025\/07\/228-room-9-1024x683.jpg 1024w, https:\/\/www.belvederehotel.it\/wp-content\/uploads\/2025\/07\/228-room-9-768x512.jpg 768w, https:\/\/www.belvederehotel.it\/wp-content\/uploads\/2025\/07\/228-room-9-1536x1024.jpg 1536w, https:\/\/www.belvederehotel.it\/wp-content\/uploads\/2025\/07\/228-room-9-2048x1365.jpg 2048w\" sizes=\"(max-width: 2560px) 100vw, 2560px\" \/>\t\t\t<\/a>\n\t<\/div>\n\t<div class=\"qodef-m-content\">\n\t\t\t<h4 class=\"qodef-m-title\" >\n\t\t\t\t\t<a itemprop=\"url\" href=\"https:\/\/www.belvederehotel.it\/camere\/doppia-uso-singola\/\" target=\"_self\">\n\t\t\t\t\tUso \u00fanico est\u00e1ndar\t\t\t\t\t<\/a>\n\t\t\t<\/h4>\n\t\t\t<div class=\"qodef-m-text\" ><p>Habitaci\u00f3n doble est\u00e1ndar de uso individual de 24 m2 con terraza con vistas al mar y ba\u00f1o privado.<\/p><\/div>\n\t<\/div>\n<\/div>\n\t\t\t\t<\/div>\n\t\t\t\t<\/div>\n\t\t\t\t<\/div>\n\t\t\t\t\t<\/div>\n\t\t\t\t<\/div>\n\t\t<div class=\"elementor-element elementor-element-d16aca6 e-flex e-con-boxed e-con e-parent\" data-id=\"d16aca6\" data-element_type=\"container\" data-e-type=\"container\">\n\t\t\t\t\t<div class=\"e-con-inner\">\n\t\t\t\t\t<\/div>\n\t\t\t\t<\/div>\n\t\t\t\t<\/div>\n\t\t","protected":false},"excerpt":{"rendered":"<p>Est\u00e1ndar Habitaci\u00f3n doble est\u00e1ndar de 24 m2 con terraza con vistas al mar y ba\u00f1o privado. Superior Habitaci\u00f3n superior de 34 m2, con ba\u00f1o privado y terraza con vistas al mar. Suite Junior Junior Suite de 36 m2, con peque\u00f1a sala de estar, ba\u00f1o privado y terraza con vistas al mar. Suite Suite de 45 [&hellip;]<\/p>\n","protected":false},"author":1,"featured_media":0,"parent":0,"menu_order":0,"comment_status":"closed","ping_status":"closed","template":"","meta":{"footnotes":""},"class_list":["post-14282","page","type-page","status-publish","hentry"],"_links":{"self":[{"href":"https:\/\/www.belvederehotel.it\/es\/wp-json\/wp\/v2\/pages\/14282","targetHints":{"allow":["GET"]}}],"collection":[{"href":"https:\/\/www.belvederehotel.it\/es\/wp-json\/wp\/v2\/pages"}],"about":[{"href":"https:\/\/www.belvederehotel.it\/es\/wp-json\/wp\/v2\/types\/page"}],"author":[{"embeddable":true,"href":"https:\/\/www.belvederehotel.it\/es\/wp-json\/wp\/v2\/users\/1"}],"replies":[{"embeddable":true,"href":"https:\/\/www.belvederehotel.it\/es\/wp-json\/wp\/v2\/comments?post=14282"}],"version-history":[{"count":6,"href":"https:\/\/www.belvederehotel.it\/es\/wp-json\/wp\/v2\/pages\/14282\/revisions"}],"predecessor-version":[{"id":15442,"href":"https:\/\/www.belvederehotel.it\/es\/wp-json\/wp\/v2\/pages\/14282\/revisions\/15442"}],"wp:attachment":[{"href":"https:\/\/www.belvederehotel.it\/es\/wp-json\/wp\/v2\/media?parent=14282"}],"curies":[{"name":"wp","href":"https:\/\/api.w.org\/{rel}","templated":true}]}}