{"id":14333,"date":"2025-03-11T11:01:29","date_gmt":"2025-03-11T10:01:29","guid":{"rendered":"http:\/\/www.belvederehotel.it\/abastecimiento\/"},"modified":"2025-03-21T11:58:09","modified_gmt":"2025-03-21T10:58:09","slug":"restaurante","status":"publish","type":"page","link":"https:\/\/www.belvederehotel.it\/es\/restaurante\/","title":{"rendered":"Restaurante"},"content":{"rendered":"\t\t<div data-elementor-type=\"wp-page\" data-elementor-id=\"14333\" class=\"elementor elementor-14333 elementor-14250\">\n\t\t\t\t<div class=\"elementor-element elementor-element-adb89fd e-flex e-con-boxed e-con e-parent\" data-id=\"adb89fd\" data-element_type=\"container\" data-e-type=\"container\">\n\t\t\t\t\t<div class=\"e-con-inner\">\n\t\t\t\t<div class=\"elementor-element elementor-element-6f4a5e2 elementor-widget elementor-widget-text-editor\" data-id=\"6f4a5e2\" data-element_type=\"widget\" data-e-type=\"widget\" data-widget_type=\"text-editor.default\">\n\t\t\t\t<div class=\"elementor-widget-container\">\n\t\t\t\t\t\t\t\t\t<p>Nuestros chefs ofrecen platos tradicionales mediterr\u00e1neos y, en particular, las recetas cl\u00e1sicas de la costa de Amalfi, reelaboradas expertamente para satisfacer los gustos de nuestra clientela internacional<\/p><p>Quienes opten por el r\u00e9gimen de media pensi\u00f3n dispondr\u00e1n de una amplia oferta tanto para el almuerzo como para la cena y de un men\u00fa diario que var\u00eda d\u00eda a d\u00eda y que ofrece la posibilidad de elegir entre cuatro primeros platos, cuatro segundos platos con sus respectivas guarniciones, seguidos de fruta y un carrito de postres elaborados con sumo cuidado, incluso en la presentaci\u00f3n, por nuestro Pastelero<\/p><p>Todos los platos se basan en productos locales de kil\u00f3metro cero, como el famoso fior di latte de la cercana Agerola, pescado del Golfo de Salerno, carnes blancas locales y quesos tradicionales de Agerola Todo sazonado y preparado con aceite de oliva virgen extra \u00abCima di Bitonto\u00bb, un aceite de Puglia famoso por su ligereza y autenticidad<\/p>\t\t\t\t\t\t\t\t<\/div>\n\t\t\t\t<\/div>\n\t\t\t\t\t<\/div>\n\t\t\t\t<\/div>\n\t\t<div class=\"elementor-element elementor-element-557f3cc e-grid e-con-boxed e-con e-parent\" data-id=\"557f3cc\" data-element_type=\"container\" data-e-type=\"container\" data-settings=\"{&quot;background_background&quot;:&quot;classic&quot;}\">\n\t\t\t\t\t<div class=\"e-con-inner\">\n\t\t\t\t<div class=\"elementor-element elementor-element-09baaa8 elementor-widget elementor-widget-text-editor\" data-id=\"09baaa8\" data-element_type=\"widget\" data-e-type=\"widget\" data-widget_type=\"text-editor.default\">\n\t\t\t\t<div class=\"elementor-widget-container\">\n\t\t\t\t\t\t\t\t\t<h4><strong>Men\u00fa de desayuno<\/strong><\/h4><p>Espresso, descafeinado, caf\u00e9 americano, caf\u00e9 con leche, capuchino.<\/p><p>Chocolate caliente, selecci\u00f3n de t\u00e9s, infusiones.<\/p><p>Jugos de frutas: naranja, pomelo, pi\u00f1a, tomate, pera, albaricoque, manzana<\/p><p>Fruta fresca<\/p><p>Mermeladas y Nutella<\/p><p>Cereales, muesli, copos de ma\u00edz, salvado integral<\/p><p>Yogur de fruta entera o baja en grasa<\/p><p>Brioches, panecillos blancos e integrales, bizcochos, croissants<\/p><p>Queso, salami napolitano, jam\u00f3n cocido, huevos revueltos, tocino y salchichas.<\/p><p>Pavo, pollo, cerdo y otros embutidos, frijoles, champi\u00f1ones<\/p><p>Huevos duros, cerezas mozzarella y ricotta Agerola<\/p><p>Plumcake, tartas, donuts de lim\u00f3n y yogur<\/p>\t\t\t\t\t\t\t\t<\/div>\n\t\t\t\t<\/div>\n\t\t\t\t<div class=\"elementor-element elementor-element-82d1aa1 elementor-widget elementor-widget-text-editor\" data-id=\"82d1aa1\" data-element_type=\"widget\" data-e-type=\"widget\" data-widget_type=\"text-editor.default\">\n\t\t\t\t<div class=\"elementor-widget-container\">\n\t\t\t\t\t\t\t\t\t<h4><strong>Men\u00fa de la piscina<\/strong><\/h4><h5>S\u00e1ndwiches calientes o tostadas<\/h5><p>Jam\u00f3n de Parma y fior di latte de Agerola<br>Jam\u00f3n de Parma y tomates<br>Provola ahumada de Agerola y Speck<br>At\u00fan y tomate<br>Jam\u00f3n cocido y queso<br>Ensaladas mixtas<\/p><h5>Platos calientes<\/h5><p>Pizza<br>Berenjena a la parmesana y calabac\u00edn<br>Parmesana napolitana<br>Lasagna<\/p><h5>Platos fr\u00edos<\/h5><p>Embutidos \u201cBelvedere\u201d (Jam\u00f3n, salami, speck y verduras encurtidas)<br>Caprese (mozzarella y tomate)<br>Jam\u00f3n de Parma y mel\u00f3n<br>Provola ahumada y speck<br>Queso y salami<br>Mota y mel\u00f3n<br>Bresaola y r\u00facula<\/p><h5>Postre<\/h5><p>Selecci\u00f3n de helados<br>Ensalada de frutas sencilla o con helado<br>Trufa<\/p><h5>Bebidas<\/h5><p>Caf\u00e9 expreso, capuchino, t\u00e9, cervezas italianas y extranjeras, Coca Cola, zumos de frutas, agua t\u00f3nica. Soda Campari, jugo de naranja y lim\u00f3n.<\/p><h5>Vinos y espumosos<\/h5><p>Vinos de Campania en botellas o copas<br>Prosecco<\/p>\t\t\t\t\t\t\t\t<\/div>\n\t\t\t\t<\/div>\n\t\t\t\t<div class=\"elementor-element elementor-element-a03d3e1 elementor-widget elementor-widget-text-editor\" data-id=\"a03d3e1\" data-element_type=\"widget\" data-e-type=\"widget\" data-widget_type=\"text-editor.default\">\n\t\t\t\t<div class=\"elementor-widget-container\">\n\t\t\t\t\t\t\t\t\t<h4><strong>Men\u00fa de cena \u00aba la carta\u00bb<\/strong><\/h4><p>A continuaci\u00f3n se presentan algunos platos propuestos por nuestro Chef:<\/p><p>Crepes de queso<br>Tagliolini de lim\u00f3n (sfusato de Amalfi, jam\u00f3n de Parma y caciotta de Agerola) Espaguetis de Gragnano con anchoas locales y nueces<br>Risotto de trigo sarraceno con tinta de sepia<\/p><p>Agnolotti con queso provola ahumado de Agerola y berenjenas<br>Risotto con gambas cocidas y crudas<br>Paccheri de Gragnano con pulpa de langosta y bottarga de m\u00fajol<br>Fideos con cigalas a la carbonara<\/p><p>Filete de at\u00fan con vinagre bals\u00e1mico<br>Lubina en costra de calabac\u00edn<br>Dorada fileteada con vainilla y lim\u00f3n<br>Medallones de ternera con naranja y brandy<br>Solomillo de ternera en papel de aluminio (setas porcini, alcachofas, pimientos, esp\u00e1rragos y huevos duros)<br>Ternera adulta en rodajas con salsa primavera (r\u00facula, parmesano y tomates piennolo)<\/p>\t\t\t\t\t\t\t\t<\/div>\n\t\t\t\t<\/div>\n\t\t\t\t\t<\/div>\n\t\t\t\t<\/div>\n\t\t\t\t<\/div>\n\t\t","protected":false},"excerpt":{"rendered":"<p>Nuestros chefs ofrecen platos tradicionales mediterr\u00e1neos y, en particular, las recetas cl\u00e1sicas de la costa de Amalfi, reelaboradas expertamente para satisfacer los gustos de nuestra clientela internacional Quienes opten por el r\u00e9gimen de media pensi\u00f3n dispondr\u00e1n de una amplia oferta tanto para el almuerzo como para la cena y de un men\u00fa diario que var\u00eda [&hellip;]<\/p>\n","protected":false},"author":1,"featured_media":0,"parent":0,"menu_order":0,"comment_status":"closed","ping_status":"closed","template":"","meta":{"footnotes":""},"class_list":["post-14333","page","type-page","status-publish","hentry"],"_links":{"self":[{"href":"https:\/\/www.belvederehotel.it\/es\/wp-json\/wp\/v2\/pages\/14333","targetHints":{"allow":["GET"]}}],"collection":[{"href":"https:\/\/www.belvederehotel.it\/es\/wp-json\/wp\/v2\/pages"}],"about":[{"href":"https:\/\/www.belvederehotel.it\/es\/wp-json\/wp\/v2\/types\/page"}],"author":[{"embeddable":true,"href":"https:\/\/www.belvederehotel.it\/es\/wp-json\/wp\/v2\/users\/1"}],"replies":[{"embeddable":true,"href":"https:\/\/www.belvederehotel.it\/es\/wp-json\/wp\/v2\/comments?post=14333"}],"version-history":[{"count":6,"href":"https:\/\/www.belvederehotel.it\/es\/wp-json\/wp\/v2\/pages\/14333\/revisions"}],"predecessor-version":[{"id":14780,"href":"https:\/\/www.belvederehotel.it\/es\/wp-json\/wp\/v2\/pages\/14333\/revisions\/14780"}],"wp:attachment":[{"href":"https:\/\/www.belvederehotel.it\/es\/wp-json\/wp\/v2\/media?parent=14333"}],"curies":[{"name":"wp","href":"https:\/\/api.w.org\/{rel}","templated":true}]}}