{"id":14384,"date":"2025-01-23T11:49:34","date_gmt":"2025-01-23T10:49:34","guid":{"rendered":"http:\/\/www.belvederehotel.it\/habitaciones\/superior\/"},"modified":"2025-07-04T14:35:44","modified_gmt":"2025-07-04T13:35:44","slug":"superior","status":"publish","type":"page","link":"https:\/\/www.belvederehotel.it\/es\/habitaciones\/superior\/","title":{"rendered":"Superior"},"content":{"rendered":"\t\t<div data-elementor-type=\"wp-page\" data-elementor-id=\"14384\" class=\"elementor elementor-14384 elementor-13440\">\n\t\t\t\t<div class=\"elementor-element elementor-element-78f4ca0 e-flex e-con-boxed e-con e-parent\" data-id=\"78f4ca0\" data-element_type=\"container\" data-e-type=\"container\">\n\t\t\t\t\t<div class=\"e-con-inner\">\n\t\t<div class=\"elementor-element elementor-element-41b4b56 e-con-full e-flex e-con e-child\" data-id=\"41b4b56\" data-element_type=\"container\" data-e-type=\"container\">\n\t\t\t\t<div class=\"elementor-element elementor-element-8c0fef2 elementor-widget elementor-widget-image\" data-id=\"8c0fef2\" data-element_type=\"widget\" data-e-type=\"widget\" data-widget_type=\"image.default\">\n\t\t\t\t<div class=\"elementor-widget-container\">\n\t\t\t\t\t\t\t\t\t\t\t\t\t\t\t<img fetchpriority=\"high\" decoding=\"async\" width=\"1024\" height=\"683\" src=\"https:\/\/www.belvederehotel.it\/wp-content\/uploads\/2025\/07\/122-Room-2-1024x683.jpg\" class=\"attachment-large size-large wp-image-15169\" alt=\"\" srcset=\"https:\/\/www.belvederehotel.it\/wp-content\/uploads\/2025\/07\/122-Room-2-1024x683.jpg 1024w, https:\/\/www.belvederehotel.it\/wp-content\/uploads\/2025\/07\/122-Room-2-300x200.jpg 300w, https:\/\/www.belvederehotel.it\/wp-content\/uploads\/2025\/07\/122-Room-2-768x512.jpg 768w, https:\/\/www.belvederehotel.it\/wp-content\/uploads\/2025\/07\/122-Room-2-1536x1024.jpg 1536w, https:\/\/www.belvederehotel.it\/wp-content\/uploads\/2025\/07\/122-Room-2-2048x1365.jpg 2048w\" sizes=\"(max-width: 1024px) 100vw, 1024px\" \/>\t\t\t\t\t\t\t\t\t\t\t\t\t\t\t<\/div>\n\t\t\t\t<\/div>\n\t\t\t\t<\/div>\n\t\t<div class=\"elementor-element elementor-element-a1096f3 e-con-full e-flex e-con e-child\" data-id=\"a1096f3\" data-element_type=\"container\" data-e-type=\"container\">\n\t\t\t\t<div class=\"elementor-element elementor-element-fad7625 elementor-widget elementor-widget-text-editor\" data-id=\"fad7625\" data-element_type=\"widget\" data-e-type=\"widget\" data-widget_type=\"text-editor.default\">\n\t\t\t\t<div class=\"elementor-widget-container\">\n\t\t\t\t\t\t\t\t\t<h4>Galer\u00eda de fotos<\/h4>\t\t\t\t\t\t\t\t<\/div>\n\t\t\t\t<\/div>\n\t\t\t\t<div class=\"elementor-element elementor-element-a3ff3f0 elementor-arrows-position-inside elementor-pagination-position-outside elementor-widget elementor-widget-image-carousel\" data-id=\"a3ff3f0\" data-element_type=\"widget\" data-e-type=\"widget\" data-settings=\"{&quot;navigation&quot;:&quot;both&quot;,&quot;autoplay&quot;:&quot;yes&quot;,&quot;pause_on_hover&quot;:&quot;yes&quot;,&quot;pause_on_interaction&quot;:&quot;yes&quot;,&quot;autoplay_speed&quot;:5000,&quot;infinite&quot;:&quot;yes&quot;,&quot;speed&quot;:500}\" data-widget_type=\"image-carousel.default\">\n\t\t\t\t<div class=\"elementor-widget-container\">\n\t\t\t\t\t\t\t<div class=\"elementor-image-carousel-wrapper swiper\" role=\"region\" aria-roledescription=\"carousel\" aria-label=\"Carosello d&#039;immagini\" dir=\"ltr\">\n\t\t\t<div class=\"elementor-image-carousel swiper-wrapper\" aria-live=\"off\">\n\t\t\t\t\t\t\t\t<div class=\"swiper-slide\" role=\"group\" aria-roledescription=\"slide\" aria-label=\"1 de 13\"><a data-elementor-open-lightbox=\"yes\" data-elementor-lightbox-slideshow=\"a3ff3f0\" data-elementor-lightbox-title=\"110 room (18)\" data-e-action-hash=\"#elementor-action%3Aaction%3Dlightbox%26settings%3DeyJpZCI6MTUyMTUsInVybCI6Imh0dHBzOlwvXC93d3cuYmVsdmVkZXJlaG90ZWwuaXRcL3dwLWNvbnRlbnRcL3VwbG9hZHNcLzIwMjVcLzA3XC8xMTAtcm9vbS0xOC1zY2FsZWQuanBnIiwic2xpZGVzaG93IjoiYTNmZjNmMCJ9\" href=\"https:\/\/www.belvederehotel.it\/wp-content\/uploads\/2025\/07\/110-room-18-scaled.jpg\"><figure class=\"swiper-slide-inner\"><img decoding=\"async\" class=\"swiper-slide-image\" src=\"https:\/\/www.belvederehotel.it\/wp-content\/uploads\/2025\/07\/110-room-18-150x150.jpg\" alt=\"110 room (18)\" \/><\/figure><\/a><\/div><div class=\"swiper-slide\" role=\"group\" aria-roledescription=\"slide\" aria-label=\"2 de 13\"><a data-elementor-open-lightbox=\"yes\" data-elementor-lightbox-slideshow=\"a3ff3f0\" data-elementor-lightbox-title=\"110 room (3)\" data-e-action-hash=\"#elementor-action%3Aaction%3Dlightbox%26settings%3DeyJpZCI6MTUyMjIsInVybCI6Imh0dHBzOlwvXC93d3cuYmVsdmVkZXJlaG90ZWwuaXRcL3dwLWNvbnRlbnRcL3VwbG9hZHNcLzIwMjVcLzA3XC8xMTAtcm9vbS0zLXNjYWxlZC5qcGciLCJzbGlkZXNob3ciOiJhM2ZmM2YwIn0%3D\" href=\"https:\/\/www.belvederehotel.it\/wp-content\/uploads\/2025\/07\/110-room-3-scaled.jpg\"><figure class=\"swiper-slide-inner\"><img decoding=\"async\" class=\"swiper-slide-image\" src=\"https:\/\/www.belvederehotel.it\/wp-content\/uploads\/2025\/07\/110-room-3-150x150.jpg\" alt=\"110 room (3)\" \/><\/figure><\/a><\/div><div class=\"swiper-slide\" role=\"group\" aria-roledescription=\"slide\" aria-label=\"3 de 13\"><a data-elementor-open-lightbox=\"yes\" data-elementor-lightbox-slideshow=\"a3ff3f0\" data-elementor-lightbox-title=\"110 room (4)\" data-e-action-hash=\"#elementor-action%3Aaction%3Dlightbox%26settings%3DeyJpZCI6MTUyMjUsInVybCI6Imh0dHBzOlwvXC93d3cuYmVsdmVkZXJlaG90ZWwuaXRcL3dwLWNvbnRlbnRcL3VwbG9hZHNcLzIwMjVcLzA3XC8xMTAtcm9vbS00LXNjYWxlZC5qcGciLCJzbGlkZXNob3ciOiJhM2ZmM2YwIn0%3D\" href=\"https:\/\/www.belvederehotel.it\/wp-content\/uploads\/2025\/07\/110-room-4-scaled.jpg\"><figure class=\"swiper-slide-inner\"><img decoding=\"async\" class=\"swiper-slide-image\" src=\"https:\/\/www.belvederehotel.it\/wp-content\/uploads\/2025\/07\/110-room-4-150x150.jpg\" alt=\"110 room (4)\" \/><\/figure><\/a><\/div><div class=\"swiper-slide\" role=\"group\" aria-roledescription=\"slide\" aria-label=\"4 de 13\"><a data-elementor-open-lightbox=\"yes\" data-elementor-lightbox-slideshow=\"a3ff3f0\" data-elementor-lightbox-title=\"110 room (7)\" data-e-action-hash=\"#elementor-action%3Aaction%3Dlightbox%26settings%3DeyJpZCI6MTUyMjgsInVybCI6Imh0dHBzOlwvXC93d3cuYmVsdmVkZXJlaG90ZWwuaXRcL3dwLWNvbnRlbnRcL3VwbG9hZHNcLzIwMjVcLzA3XC8xMTAtcm9vbS03LXNjYWxlZC5qcGciLCJzbGlkZXNob3ciOiJhM2ZmM2YwIn0%3D\" href=\"https:\/\/www.belvederehotel.it\/wp-content\/uploads\/2025\/07\/110-room-7-scaled.jpg\"><figure class=\"swiper-slide-inner\"><img decoding=\"async\" class=\"swiper-slide-image\" src=\"https:\/\/www.belvederehotel.it\/wp-content\/uploads\/2025\/07\/110-room-7-150x150.jpg\" alt=\"110 room (7)\" \/><\/figure><\/a><\/div><div class=\"swiper-slide\" role=\"group\" aria-roledescription=\"slide\" aria-label=\"5 de 13\"><a data-elementor-open-lightbox=\"yes\" data-elementor-lightbox-slideshow=\"a3ff3f0\" data-elementor-lightbox-title=\"122 Room (2)\" data-e-action-hash=\"#elementor-action%3Aaction%3Dlightbox%26settings%3DeyJpZCI6MTUyNDMsInVybCI6Imh0dHBzOlwvXC93d3cuYmVsdmVkZXJlaG90ZWwuaXRcL3dwLWNvbnRlbnRcL3VwbG9hZHNcLzIwMjVcLzA3XC8xMjItUm9vbS0yLTEtc2NhbGVkLmpwZyIsInNsaWRlc2hvdyI6ImEzZmYzZjAifQ%3D%3D\" href=\"https:\/\/www.belvederehotel.it\/wp-content\/uploads\/2025\/07\/122-Room-2-1-scaled.jpg\"><figure class=\"swiper-slide-inner\"><img decoding=\"async\" class=\"swiper-slide-image\" src=\"https:\/\/www.belvederehotel.it\/wp-content\/uploads\/2025\/07\/122-Room-2-1-150x150.jpg\" alt=\"122 Room (2)\" \/><\/figure><\/a><\/div><div class=\"swiper-slide\" role=\"group\" aria-roledescription=\"slide\" aria-label=\"6 de 13\"><a data-elementor-open-lightbox=\"yes\" data-elementor-lightbox-slideshow=\"a3ff3f0\" data-elementor-lightbox-title=\"122 Room (3)\" data-e-action-hash=\"#elementor-action%3Aaction%3Dlightbox%26settings%3DeyJpZCI6MTUyNDYsInVybCI6Imh0dHBzOlwvXC93d3cuYmVsdmVkZXJlaG90ZWwuaXRcL3dwLWNvbnRlbnRcL3VwbG9hZHNcLzIwMjVcLzA3XC8xMjItUm9vbS0zLXNjYWxlZC5qcGciLCJzbGlkZXNob3ciOiJhM2ZmM2YwIn0%3D\" href=\"https:\/\/www.belvederehotel.it\/wp-content\/uploads\/2025\/07\/122-Room-3-scaled.jpg\"><figure class=\"swiper-slide-inner\"><img decoding=\"async\" class=\"swiper-slide-image\" src=\"https:\/\/www.belvederehotel.it\/wp-content\/uploads\/2025\/07\/122-Room-3-150x150.jpg\" alt=\"122 Room (3)\" \/><\/figure><\/a><\/div><div class=\"swiper-slide\" role=\"group\" aria-roledescription=\"slide\" aria-label=\"7 de 13\"><a data-elementor-open-lightbox=\"yes\" data-elementor-lightbox-slideshow=\"a3ff3f0\" data-elementor-lightbox-title=\"110 room (14)\" data-e-action-hash=\"#elementor-action%3Aaction%3Dlightbox%26settings%3DeyJpZCI6MTUyMDksInVybCI6Imh0dHBzOlwvXC93d3cuYmVsdmVkZXJlaG90ZWwuaXRcL3dwLWNvbnRlbnRcL3VwbG9hZHNcLzIwMjVcLzA3XC8xMTAtcm9vbS0xNC1zY2FsZWQuanBnIiwic2xpZGVzaG93IjoiYTNmZjNmMCJ9\" href=\"https:\/\/www.belvederehotel.it\/wp-content\/uploads\/2025\/07\/110-room-14-scaled.jpg\"><figure class=\"swiper-slide-inner\"><img decoding=\"async\" class=\"swiper-slide-image\" src=\"https:\/\/www.belvederehotel.it\/wp-content\/uploads\/2025\/07\/110-room-14-150x150.jpg\" alt=\"110 room (14)\" \/><\/figure><\/a><\/div><div class=\"swiper-slide\" role=\"group\" aria-roledescription=\"slide\" aria-label=\"8 de 13\"><a data-elementor-open-lightbox=\"yes\" data-elementor-lightbox-slideshow=\"a3ff3f0\" data-elementor-lightbox-title=\"110 room (17)\" data-e-action-hash=\"#elementor-action%3Aaction%3Dlightbox%26settings%3DeyJpZCI6MTUyMTIsInVybCI6Imh0dHBzOlwvXC93d3cuYmVsdmVkZXJlaG90ZWwuaXRcL3dwLWNvbnRlbnRcL3VwbG9hZHNcLzIwMjVcLzA3XC8xMTAtcm9vbS0xNy1zY2FsZWQuanBnIiwic2xpZGVzaG93IjoiYTNmZjNmMCJ9\" href=\"https:\/\/www.belvederehotel.it\/wp-content\/uploads\/2025\/07\/110-room-17-scaled.jpg\"><figure class=\"swiper-slide-inner\"><img decoding=\"async\" class=\"swiper-slide-image\" src=\"https:\/\/www.belvederehotel.it\/wp-content\/uploads\/2025\/07\/110-room-17-150x150.jpg\" alt=\"110 room (17)\" \/><\/figure><\/a><\/div><div class=\"swiper-slide\" role=\"group\" aria-roledescription=\"slide\" aria-label=\"9 de 13\"><a data-elementor-open-lightbox=\"yes\" data-elementor-lightbox-slideshow=\"a3ff3f0\" data-elementor-lightbox-title=\"110 room (20)\" data-e-action-hash=\"#elementor-action%3Aaction%3Dlightbox%26settings%3DeyJpZCI6MTUyMTksInVybCI6Imh0dHBzOlwvXC93d3cuYmVsdmVkZXJlaG90ZWwuaXRcL3dwLWNvbnRlbnRcL3VwbG9hZHNcLzIwMjVcLzA3XC8xMTAtcm9vbS0yMC1zY2FsZWQuanBnIiwic2xpZGVzaG93IjoiYTNmZjNmMCJ9\" href=\"https:\/\/www.belvederehotel.it\/wp-content\/uploads\/2025\/07\/110-room-20-scaled.jpg\"><figure class=\"swiper-slide-inner\"><img decoding=\"async\" class=\"swiper-slide-image\" src=\"https:\/\/www.belvederehotel.it\/wp-content\/uploads\/2025\/07\/110-room-20-150x150.jpg\" alt=\"110 room (20)\" \/><\/figure><\/a><\/div><div class=\"swiper-slide\" role=\"group\" aria-roledescription=\"slide\" aria-label=\"10 de 13\"><a data-elementor-open-lightbox=\"yes\" data-elementor-lightbox-slideshow=\"a3ff3f0\" data-elementor-lightbox-title=\"122 Room (5)\" data-e-action-hash=\"#elementor-action%3Aaction%3Dlightbox%26settings%3DeyJpZCI6MTUyMzQsInVybCI6Imh0dHBzOlwvXC93d3cuYmVsdmVkZXJlaG90ZWwuaXRcL3dwLWNvbnRlbnRcL3VwbG9hZHNcLzIwMjVcLzA3XC8xMjItUm9vbS01LXNjYWxlZC5qcGciLCJzbGlkZXNob3ciOiJhM2ZmM2YwIn0%3D\" href=\"https:\/\/www.belvederehotel.it\/wp-content\/uploads\/2025\/07\/122-Room-5-scaled.jpg\"><figure class=\"swiper-slide-inner\"><img decoding=\"async\" class=\"swiper-slide-image\" src=\"https:\/\/www.belvederehotel.it\/wp-content\/uploads\/2025\/07\/122-Room-5-150x150.jpg\" alt=\"122 Room (5)\" \/><\/figure><\/a><\/div><div class=\"swiper-slide\" role=\"group\" aria-roledescription=\"slide\" aria-label=\"11 de 13\"><a data-elementor-open-lightbox=\"yes\" data-elementor-lightbox-slideshow=\"a3ff3f0\" data-elementor-lightbox-title=\"122 Room (6)\" data-e-action-hash=\"#elementor-action%3Aaction%3Dlightbox%26settings%3DeyJpZCI6MTUyMzcsInVybCI6Imh0dHBzOlwvXC93d3cuYmVsdmVkZXJlaG90ZWwuaXRcL3dwLWNvbnRlbnRcL3VwbG9hZHNcLzIwMjVcLzA3XC8xMjItUm9vbS02LXNjYWxlZC5qcGciLCJzbGlkZXNob3ciOiJhM2ZmM2YwIn0%3D\" href=\"https:\/\/www.belvederehotel.it\/wp-content\/uploads\/2025\/07\/122-Room-6-scaled.jpg\"><figure class=\"swiper-slide-inner\"><img decoding=\"async\" class=\"swiper-slide-image\" src=\"https:\/\/www.belvederehotel.it\/wp-content\/uploads\/2025\/07\/122-Room-6-150x150.jpg\" alt=\"122 Room (6)\" \/><\/figure><\/a><\/div><div class=\"swiper-slide\" role=\"group\" aria-roledescription=\"slide\" aria-label=\"12 de 13\"><a data-elementor-open-lightbox=\"yes\" data-elementor-lightbox-slideshow=\"a3ff3f0\" data-elementor-lightbox-title=\"122 Room (12)\" data-e-action-hash=\"#elementor-action%3Aaction%3Dlightbox%26settings%3DeyJpZCI6MTUyNDAsInVybCI6Imh0dHBzOlwvXC93d3cuYmVsdmVkZXJlaG90ZWwuaXRcL3dwLWNvbnRlbnRcL3VwbG9hZHNcLzIwMjVcLzA3XC8xMjItUm9vbS0xMi1zY2FsZWQuanBnIiwic2xpZGVzaG93IjoiYTNmZjNmMCJ9\" href=\"https:\/\/www.belvederehotel.it\/wp-content\/uploads\/2025\/07\/122-Room-12-scaled.jpg\"><figure class=\"swiper-slide-inner\"><img decoding=\"async\" class=\"swiper-slide-image\" src=\"https:\/\/www.belvederehotel.it\/wp-content\/uploads\/2025\/07\/122-Room-12-150x150.jpg\" alt=\"122 Room (12)\" \/><\/figure><\/a><\/div><div class=\"swiper-slide\" role=\"group\" aria-roledescription=\"slide\" aria-label=\"13 de 13\"><a data-elementor-open-lightbox=\"yes\" data-elementor-lightbox-slideshow=\"a3ff3f0\" data-elementor-lightbox-title=\"110 room (13)\" data-e-action-hash=\"#elementor-action%3Aaction%3Dlightbox%26settings%3DeyJpZCI6MTUyMzEsInVybCI6Imh0dHBzOlwvXC93d3cuYmVsdmVkZXJlaG90ZWwuaXRcL3dwLWNvbnRlbnRcL3VwbG9hZHNcLzIwMjVcLzA3XC8xMTAtcm9vbS0xMy1zY2FsZWQuanBnIiwic2xpZGVzaG93IjoiYTNmZjNmMCJ9\" href=\"https:\/\/www.belvederehotel.it\/wp-content\/uploads\/2025\/07\/110-room-13-scaled.jpg\"><figure class=\"swiper-slide-inner\"><img decoding=\"async\" class=\"swiper-slide-image\" src=\"https:\/\/www.belvederehotel.it\/wp-content\/uploads\/2025\/07\/110-room-13-150x150.jpg\" alt=\"110 room (13)\" \/><\/figure><\/a><\/div>\t\t\t<\/div>\n\t\t\t\t\t\t\t\t\t\t\t\t<div class=\"elementor-swiper-button elementor-swiper-button-prev\" role=\"button\" tabindex=\"0\">\n\t\t\t\t\t\t<svg aria-hidden=\"true\" class=\"e-font-icon-svg e-eicon-chevron-left\" viewBox=\"0 0 1000 1000\" xmlns=\"http:\/\/www.w3.org\/2000\/svg\"><path d=\"M646 125C629 125 613 133 604 142L308 442C296 454 292 471 292 487 292 504 296 521 308 533L604 854C617 867 629 875 646 875 663 875 679 871 692 858 704 846 713 829 713 812 713 796 708 779 692 767L438 487 692 225C700 217 708 204 708 187 708 171 704 154 692 142 675 129 663 125 646 125Z\"><\/path><\/svg>\t\t\t\t\t<\/div>\n\t\t\t\t\t<div class=\"elementor-swiper-button elementor-swiper-button-next\" role=\"button\" tabindex=\"0\">\n\t\t\t\t\t\t<svg aria-hidden=\"true\" class=\"e-font-icon-svg e-eicon-chevron-right\" viewBox=\"0 0 1000 1000\" xmlns=\"http:\/\/www.w3.org\/2000\/svg\"><path d=\"M696 533C708 521 713 504 713 487 713 471 708 454 696 446L400 146C388 133 375 125 354 125 338 125 325 129 313 142 300 154 292 171 292 187 292 204 296 221 308 233L563 492 304 771C292 783 288 800 288 817 288 833 296 850 308 863 321 871 338 875 354 875 371 875 388 867 400 854L696 533Z\"><\/path><\/svg>\t\t\t\t\t<\/div>\n\t\t\t\t\n\t\t\t\t\t\t\t\t\t<div class=\"swiper-pagination\"><\/div>\n\t\t\t\t\t\t\t\t\t<\/div>\n\t\t\t\t\t\t<\/div>\n\t\t\t\t<\/div>\n\t\t\t\t<\/div>\n\t\t<div class=\"elementor-element elementor-element-e03d2bf e-con-full e-flex e-con e-child\" data-id=\"e03d2bf\" data-element_type=\"container\" data-e-type=\"container\">\n\t\t\t\t<div class=\"elementor-element elementor-element-34c5660 elementor-widget elementor-widget-text-editor\" data-id=\"34c5660\" data-element_type=\"widget\" data-e-type=\"widget\" data-widget_type=\"text-editor.default\">\n\t\t\t\t<div class=\"elementor-widget-container\">\n\t\t\t\t\t\t\t\t\t<h4>Descripci\u00f3n<\/h4><p>Camera superior 34mq, con bagno privato e terrazzo vista mare<\/p>\t\t\t\t\t\t\t\t<\/div>\n\t\t\t\t<\/div>\n\t\t\t\t<\/div>\n\t\t<div class=\"elementor-element elementor-element-678d3c3 e-con-full e-flex e-con e-child\" data-id=\"678d3c3\" data-element_type=\"container\" data-e-type=\"container\">\n\t\t\t\t<div class=\"elementor-element elementor-element-d24a5ac elementor-widget elementor-widget-text-editor\" data-id=\"d24a5ac\" data-element_type=\"widget\" data-e-type=\"widget\" data-widget_type=\"text-editor.default\">\n\t\t\t\t<div class=\"elementor-widget-container\">\n\t\t\t\t\t\t\t\t\t<h4>Servicios<\/h4><ul><li>Aire acondicionado<\/li><li>Secador de pelo<\/li><li>Caja fuerte &#8211; Minibar<\/li><li>Televisi\u00f3n por sat\u00e9lite<\/li><li>Wi-Fi<\/li><li>Terraza o Balc\u00f3n<\/li><\/ul>\t\t\t\t\t\t\t\t<\/div>\n\t\t\t\t<\/div>\n\t\t\t\t<\/div>\n\t\t\t\t\t<\/div>\n\t\t\t\t<\/div>\n\t\t<div class=\"elementor-element elementor-element-58e60cd e-grid e-con-boxed e-con e-parent\" data-id=\"58e60cd\" data-element_type=\"container\" data-e-type=\"container\">\n\t\t\t\t\t<div class=\"e-con-inner\">\n\t\t\t\t<div class=\"elementor-element elementor-element-f1f8c17 elementor-align-justify elementor-widget elementor-widget-button\" data-id=\"f1f8c17\" data-element_type=\"widget\" data-e-type=\"widget\" data-widget_type=\"button.default\">\n\t\t\t\t<div class=\"elementor-widget-container\">\n\t\t\t\t\t\t\t\t\t<div class=\"elementor-button-wrapper\">\n\t\t\t\t\t<a class=\"elementor-button elementor-button-link elementor-size-sm\" href=\"https:\/\/www.belvederehotel.it\/es\/reserva\/\">\n\t\t\t\t\t\t<span class=\"elementor-button-content-wrapper\">\n\t\t\t\t\t\t\t\t\t<span class=\"elementor-button-text\">Reserva<\/span>\n\t\t\t\t\t<\/span>\n\t\t\t\t\t<\/a>\n\t\t\t\t<\/div>\n\t\t\t\t\t\t\t\t<\/div>\n\t\t\t\t<\/div>\n\t\t\t\t\t<\/div>\n\t\t\t\t<\/div>\n\t\t\t\t<\/div>\n\t\t","protected":false},"excerpt":{"rendered":"<p>Galer\u00eda de fotos Descripci\u00f3n Camera superior 34mq, con bagno privato e terrazzo vista mare Servicios Aire acondicionado Secador de pelo Caja fuerte &#8211; Minibar Televisi\u00f3n por sat\u00e9lite Wi-Fi Terraza o Balc\u00f3n Reserva<\/p>\n","protected":false},"author":1,"featured_media":0,"parent":14282,"menu_order":0,"comment_status":"closed","ping_status":"closed","template":"","meta":{"footnotes":""},"class_list":["post-14384","page","type-page","status-publish","hentry"],"_links":{"self":[{"href":"https:\/\/www.belvederehotel.it\/es\/wp-json\/wp\/v2\/pages\/14384","targetHints":{"allow":["GET"]}}],"collection":[{"href":"https:\/\/www.belvederehotel.it\/es\/wp-json\/wp\/v2\/pages"}],"about":[{"href":"https:\/\/www.belvederehotel.it\/es\/wp-json\/wp\/v2\/types\/page"}],"author":[{"embeddable":true,"href":"https:\/\/www.belvederehotel.it\/es\/wp-json\/wp\/v2\/users\/1"}],"replies":[{"embeddable":true,"href":"https:\/\/www.belvederehotel.it\/es\/wp-json\/wp\/v2\/comments?post=14384"}],"version-history":[{"count":4,"href":"https:\/\/www.belvederehotel.it\/es\/wp-json\/wp\/v2\/pages\/14384\/revisions"}],"predecessor-version":[{"id":15452,"href":"https:\/\/www.belvederehotel.it\/es\/wp-json\/wp\/v2\/pages\/14384\/revisions\/15452"}],"up":[{"embeddable":true,"href":"https:\/\/www.belvederehotel.it\/es\/wp-json\/wp\/v2\/pages\/14282"}],"wp:attachment":[{"href":"https:\/\/www.belvederehotel.it\/es\/wp-json\/wp\/v2\/media?parent=14384"}],"curies":[{"name":"wp","href":"https:\/\/api.w.org\/{rel}","templated":true}]}}