{"id":14566,"date":"2025-02-07T20:37:25","date_gmt":"2025-02-07T19:37:25","guid":{"rendered":"http:\/\/www.belvederehotel.it\/habitaciones\/junior-suite\/"},"modified":"2025-07-04T14:07:41","modified_gmt":"2025-07-04T13:07:41","slug":"junior-suite","status":"publish","type":"page","link":"https:\/\/www.belvederehotel.it\/es\/habitaciones\/junior-suite\/","title":{"rendered":"Junior Suite"},"content":{"rendered":"\t\t<div data-elementor-type=\"wp-page\" data-elementor-id=\"14566\" class=\"elementor elementor-14566 elementor-13561\">\n\t\t\t\t<div class=\"elementor-element elementor-element-a7e9111 e-flex e-con-boxed e-con e-parent\" data-id=\"a7e9111\" data-element_type=\"container\" data-e-type=\"container\">\n\t\t\t\t\t<div class=\"e-con-inner\">\n\t\t<div class=\"elementor-element elementor-element-8d0fe63 e-con-full e-flex e-con e-child\" data-id=\"8d0fe63\" data-element_type=\"container\" data-e-type=\"container\">\n\t\t\t\t<div class=\"elementor-element elementor-element-4149d30 elementor-widget elementor-widget-image\" data-id=\"4149d30\" data-element_type=\"widget\" data-e-type=\"widget\" data-widget_type=\"image.default\">\n\t\t\t\t<div class=\"elementor-widget-container\">\n\t\t\t\t\t\t\t\t\t\t\t\t\t\t\t<img fetchpriority=\"high\" decoding=\"async\" width=\"1024\" height=\"683\" src=\"https:\/\/www.belvederehotel.it\/wp-content\/uploads\/2025\/07\/114-room-11-1024x683.jpg\" class=\"attachment-large size-large wp-image-15172\" alt=\"\" srcset=\"https:\/\/www.belvederehotel.it\/wp-content\/uploads\/2025\/07\/114-room-11-1024x683.jpg 1024w, https:\/\/www.belvederehotel.it\/wp-content\/uploads\/2025\/07\/114-room-11-300x200.jpg 300w, https:\/\/www.belvederehotel.it\/wp-content\/uploads\/2025\/07\/114-room-11-768x512.jpg 768w, https:\/\/www.belvederehotel.it\/wp-content\/uploads\/2025\/07\/114-room-11-1536x1024.jpg 1536w, https:\/\/www.belvederehotel.it\/wp-content\/uploads\/2025\/07\/114-room-11-2048x1365.jpg 2048w\" sizes=\"(max-width: 1024px) 100vw, 1024px\" \/>\t\t\t\t\t\t\t\t\t\t\t\t\t\t\t<\/div>\n\t\t\t\t<\/div>\n\t\t\t\t<\/div>\n\t\t<div class=\"elementor-element elementor-element-bb07d72 e-con-full e-flex e-con e-child\" data-id=\"bb07d72\" data-element_type=\"container\" data-e-type=\"container\">\n\t\t\t\t<div class=\"elementor-element elementor-element-499763a elementor-widget elementor-widget-text-editor\" data-id=\"499763a\" data-element_type=\"widget\" data-e-type=\"widget\" data-widget_type=\"text-editor.default\">\n\t\t\t\t<div class=\"elementor-widget-container\">\n\t\t\t\t\t\t\t\t\t<h4>Galleria foto<\/h4>\t\t\t\t\t\t\t\t<\/div>\n\t\t\t\t<\/div>\n\t\t\t\t<div class=\"elementor-element elementor-element-a3ff3f0 elementor-arrows-position-inside elementor-pagination-position-outside elementor-widget elementor-widget-image-carousel\" data-id=\"a3ff3f0\" data-element_type=\"widget\" data-e-type=\"widget\" data-settings=\"{&quot;navigation&quot;:&quot;both&quot;,&quot;autoplay&quot;:&quot;yes&quot;,&quot;pause_on_hover&quot;:&quot;yes&quot;,&quot;pause_on_interaction&quot;:&quot;yes&quot;,&quot;autoplay_speed&quot;:5000,&quot;infinite&quot;:&quot;yes&quot;,&quot;speed&quot;:500}\" data-widget_type=\"image-carousel.default\">\n\t\t\t\t<div class=\"elementor-widget-container\">\n\t\t\t\t\t\t\t<div class=\"elementor-image-carousel-wrapper swiper\" role=\"region\" aria-roledescription=\"carousel\" aria-label=\"Carosello d&#039;immagini\" dir=\"ltr\">\n\t\t\t<div class=\"elementor-image-carousel swiper-wrapper\" aria-live=\"off\">\n\t\t\t\t\t\t\t\t<div class=\"swiper-slide\" role=\"group\" aria-roledescription=\"slide\" aria-label=\"1 de 15\"><a data-elementor-open-lightbox=\"yes\" data-elementor-lightbox-slideshow=\"a3ff3f0\" data-elementor-lightbox-title=\"114 room (1)\" data-e-action-hash=\"#elementor-action%3Aaction%3Dlightbox%26settings%3DeyJpZCI6MTUyNTgsInVybCI6Imh0dHBzOlwvXC93d3cuYmVsdmVkZXJlaG90ZWwuaXRcL3dwLWNvbnRlbnRcL3VwbG9hZHNcLzIwMjVcLzA3XC8xMTQtcm9vbS0xLXNjYWxlZC5qcGciLCJzbGlkZXNob3ciOiJhM2ZmM2YwIn0%3D\" href=\"https:\/\/www.belvederehotel.it\/wp-content\/uploads\/2025\/07\/114-room-1-scaled.jpg\"><figure class=\"swiper-slide-inner\"><img decoding=\"async\" class=\"swiper-slide-image\" src=\"https:\/\/www.belvederehotel.it\/wp-content\/uploads\/2025\/07\/114-room-1-150x150.jpg\" alt=\"114 room (1)\" \/><\/figure><\/a><\/div><div class=\"swiper-slide\" role=\"group\" aria-roledescription=\"slide\" aria-label=\"2 de 15\"><a data-elementor-open-lightbox=\"yes\" data-elementor-lightbox-slideshow=\"a3ff3f0\" data-elementor-lightbox-title=\"114 room (5)\" data-e-action-hash=\"#elementor-action%3Aaction%3Dlightbox%26settings%3DeyJpZCI6MTUyNjIsInVybCI6Imh0dHBzOlwvXC93d3cuYmVsdmVkZXJlaG90ZWwuaXRcL3dwLWNvbnRlbnRcL3VwbG9hZHNcLzIwMjVcLzA3XC8xMTQtcm9vbS01LXNjYWxlZC5qcGciLCJzbGlkZXNob3ciOiJhM2ZmM2YwIn0%3D\" href=\"https:\/\/www.belvederehotel.it\/wp-content\/uploads\/2025\/07\/114-room-5-scaled.jpg\"><figure class=\"swiper-slide-inner\"><img decoding=\"async\" class=\"swiper-slide-image\" src=\"https:\/\/www.belvederehotel.it\/wp-content\/uploads\/2025\/07\/114-room-5-150x150.jpg\" alt=\"114 room (5)\" \/><\/figure><\/a><\/div><div class=\"swiper-slide\" role=\"group\" aria-roledescription=\"slide\" aria-label=\"3 de 15\"><a data-elementor-open-lightbox=\"yes\" data-elementor-lightbox-slideshow=\"a3ff3f0\" data-elementor-lightbox-title=\"114 room (11)\" data-e-action-hash=\"#elementor-action%3Aaction%3Dlightbox%26settings%3DeyJpZCI6MTUyNjUsInVybCI6Imh0dHBzOlwvXC93d3cuYmVsdmVkZXJlaG90ZWwuaXRcL3dwLWNvbnRlbnRcL3VwbG9hZHNcLzIwMjVcLzA3XC8xMTQtcm9vbS0xMS0xLXNjYWxlZC5qcGciLCJzbGlkZXNob3ciOiJhM2ZmM2YwIn0%3D\" href=\"https:\/\/www.belvederehotel.it\/wp-content\/uploads\/2025\/07\/114-room-11-1-scaled.jpg\"><figure class=\"swiper-slide-inner\"><img decoding=\"async\" class=\"swiper-slide-image\" src=\"https:\/\/www.belvederehotel.it\/wp-content\/uploads\/2025\/07\/114-room-11-1-150x150.jpg\" alt=\"114 room (11)\" \/><\/figure><\/a><\/div><div class=\"swiper-slide\" role=\"group\" aria-roledescription=\"slide\" aria-label=\"4 de 15\"><a data-elementor-open-lightbox=\"yes\" data-elementor-lightbox-slideshow=\"a3ff3f0\" data-elementor-lightbox-title=\"114 room (14)\" data-e-action-hash=\"#elementor-action%3Aaction%3Dlightbox%26settings%3DeyJpZCI6MTUyNjgsInVybCI6Imh0dHBzOlwvXC93d3cuYmVsdmVkZXJlaG90ZWwuaXRcL3dwLWNvbnRlbnRcL3VwbG9hZHNcLzIwMjVcLzA3XC8xMTQtcm9vbS0xNC1zY2FsZWQuanBnIiwic2xpZGVzaG93IjoiYTNmZjNmMCJ9\" href=\"https:\/\/www.belvederehotel.it\/wp-content\/uploads\/2025\/07\/114-room-14-scaled.jpg\"><figure class=\"swiper-slide-inner\"><img decoding=\"async\" class=\"swiper-slide-image\" src=\"https:\/\/www.belvederehotel.it\/wp-content\/uploads\/2025\/07\/114-room-14-150x150.jpg\" alt=\"114 room (14)\" \/><\/figure><\/a><\/div><div class=\"swiper-slide\" role=\"group\" aria-roledescription=\"slide\" aria-label=\"5 de 15\"><a data-elementor-open-lightbox=\"yes\" data-elementor-lightbox-slideshow=\"a3ff3f0\" data-elementor-lightbox-title=\"118 room (4)\" data-e-action-hash=\"#elementor-action%3Aaction%3Dlightbox%26settings%3DeyJpZCI6MTUyNzcsInVybCI6Imh0dHBzOlwvXC93d3cuYmVsdmVkZXJlaG90ZWwuaXRcL3dwLWNvbnRlbnRcL3VwbG9hZHNcLzIwMjVcLzA3XC8xMTgtcm9vbS00LXNjYWxlZC5qcGciLCJzbGlkZXNob3ciOiJhM2ZmM2YwIn0%3D\" href=\"https:\/\/www.belvederehotel.it\/wp-content\/uploads\/2025\/07\/118-room-4-scaled.jpg\"><figure class=\"swiper-slide-inner\"><img decoding=\"async\" class=\"swiper-slide-image\" src=\"https:\/\/www.belvederehotel.it\/wp-content\/uploads\/2025\/07\/118-room-4-150x150.jpg\" alt=\"118 room (4)\" \/><\/figure><\/a><\/div><div class=\"swiper-slide\" role=\"group\" aria-roledescription=\"slide\" aria-label=\"6 de 15\"><a data-elementor-open-lightbox=\"yes\" data-elementor-lightbox-slideshow=\"a3ff3f0\" data-elementor-lightbox-title=\"118 room (8)\" data-e-action-hash=\"#elementor-action%3Aaction%3Dlightbox%26settings%3DeyJpZCI6MTUyODAsInVybCI6Imh0dHBzOlwvXC93d3cuYmVsdmVkZXJlaG90ZWwuaXRcL3dwLWNvbnRlbnRcL3VwbG9hZHNcLzIwMjVcLzA3XC8xMTgtcm9vbS04LXNjYWxlZC5qcGciLCJzbGlkZXNob3ciOiJhM2ZmM2YwIn0%3D\" href=\"https:\/\/www.belvederehotel.it\/wp-content\/uploads\/2025\/07\/118-room-8-scaled.jpg\"><figure class=\"swiper-slide-inner\"><img decoding=\"async\" class=\"swiper-slide-image\" src=\"https:\/\/www.belvederehotel.it\/wp-content\/uploads\/2025\/07\/118-room-8-150x150.jpg\" alt=\"118 room (8)\" \/><\/figure><\/a><\/div><div class=\"swiper-slide\" role=\"group\" aria-roledescription=\"slide\" aria-label=\"7 de 15\"><a data-elementor-open-lightbox=\"yes\" data-elementor-lightbox-slideshow=\"a3ff3f0\" data-elementor-lightbox-title=\"118 room (1)\" data-e-action-hash=\"#elementor-action%3Aaction%3Dlightbox%26settings%3DeyJpZCI6MTUyOTgsInVybCI6Imh0dHBzOlwvXC93d3cuYmVsdmVkZXJlaG90ZWwuaXRcL3dwLWNvbnRlbnRcL3VwbG9hZHNcLzIwMjVcLzA3XC8xMTgtcm9vbS0xLXNjYWxlZC5qcGciLCJzbGlkZXNob3ciOiJhM2ZmM2YwIn0%3D\" href=\"https:\/\/www.belvederehotel.it\/wp-content\/uploads\/2025\/07\/118-room-1-scaled.jpg\"><figure class=\"swiper-slide-inner\"><img decoding=\"async\" class=\"swiper-slide-image\" src=\"https:\/\/www.belvederehotel.it\/wp-content\/uploads\/2025\/07\/118-room-1-150x150.jpg\" alt=\"118 room (1)\" \/><\/figure><\/a><\/div><div class=\"swiper-slide\" role=\"group\" aria-roledescription=\"slide\" aria-label=\"8 de 15\"><a data-elementor-open-lightbox=\"yes\" data-elementor-lightbox-slideshow=\"a3ff3f0\" data-elementor-lightbox-title=\"118 junior suite (3)\" data-e-action-hash=\"#elementor-action%3Aaction%3Dlightbox%26settings%3DeyJpZCI6MTUyOTUsInVybCI6Imh0dHBzOlwvXC93d3cuYmVsdmVkZXJlaG90ZWwuaXRcL3dwLWNvbnRlbnRcL3VwbG9hZHNcLzIwMjVcLzA3XC8xMTgtanVuaW9yLXN1aXRlLTMtc2NhbGVkLmpwZyIsInNsaWRlc2hvdyI6ImEzZmYzZjAifQ%3D%3D\" href=\"https:\/\/www.belvederehotel.it\/wp-content\/uploads\/2025\/07\/118-junior-suite-3-scaled.jpg\"><figure class=\"swiper-slide-inner\"><img decoding=\"async\" class=\"swiper-slide-image\" src=\"https:\/\/www.belvederehotel.it\/wp-content\/uploads\/2025\/07\/118-junior-suite-3-150x150.jpg\" alt=\"118 junior suite (3)\" \/><\/figure><\/a><\/div><div class=\"swiper-slide\" role=\"group\" aria-roledescription=\"slide\" aria-label=\"9 de 15\"><a data-elementor-open-lightbox=\"yes\" data-elementor-lightbox-slideshow=\"a3ff3f0\" data-elementor-lightbox-title=\"114 (2)\" data-e-action-hash=\"#elementor-action%3Aaction%3Dlightbox%26settings%3DeyJpZCI6MTUyNTUsInVybCI6Imh0dHBzOlwvXC93d3cuYmVsdmVkZXJlaG90ZWwuaXRcL3dwLWNvbnRlbnRcL3VwbG9hZHNcLzIwMjVcLzA3XC8xMTQtMi1zY2FsZWQuanBnIiwic2xpZGVzaG93IjoiYTNmZjNmMCJ9\" href=\"https:\/\/www.belvederehotel.it\/wp-content\/uploads\/2025\/07\/114-2-scaled.jpg\"><figure class=\"swiper-slide-inner\"><img decoding=\"async\" class=\"swiper-slide-image\" src=\"https:\/\/www.belvederehotel.it\/wp-content\/uploads\/2025\/07\/114-2-150x150.jpg\" alt=\"114 (2)\" \/><\/figure><\/a><\/div><div class=\"swiper-slide\" role=\"group\" aria-roledescription=\"slide\" aria-label=\"10 de 15\"><a data-elementor-open-lightbox=\"yes\" data-elementor-lightbox-slideshow=\"a3ff3f0\" data-elementor-lightbox-title=\"118 room (9)\" data-e-action-hash=\"#elementor-action%3Aaction%3Dlightbox%26settings%3DeyJpZCI6MTUyODMsInVybCI6Imh0dHBzOlwvXC93d3cuYmVsdmVkZXJlaG90ZWwuaXRcL3dwLWNvbnRlbnRcL3VwbG9hZHNcLzIwMjVcLzA3XC8xMTgtcm9vbS05LXNjYWxlZC5qcGciLCJzbGlkZXNob3ciOiJhM2ZmM2YwIn0%3D\" href=\"https:\/\/www.belvederehotel.it\/wp-content\/uploads\/2025\/07\/118-room-9-scaled.jpg\"><figure class=\"swiper-slide-inner\"><img decoding=\"async\" class=\"swiper-slide-image\" src=\"https:\/\/www.belvederehotel.it\/wp-content\/uploads\/2025\/07\/118-room-9-150x150.jpg\" alt=\"118 room (9)\" \/><\/figure><\/a><\/div><div class=\"swiper-slide\" role=\"group\" aria-roledescription=\"slide\" aria-label=\"11 de 15\"><a data-elementor-open-lightbox=\"yes\" data-elementor-lightbox-slideshow=\"a3ff3f0\" data-elementor-lightbox-title=\"118\" data-e-action-hash=\"#elementor-action%3Aaction%3Dlightbox%26settings%3DeyJpZCI6MTUyOTIsInVybCI6Imh0dHBzOlwvXC93d3cuYmVsdmVkZXJlaG90ZWwuaXRcL3dwLWNvbnRlbnRcL3VwbG9hZHNcLzIwMjVcLzA3XC8xMTgtc2NhbGVkLmpwZyIsInNsaWRlc2hvdyI6ImEzZmYzZjAifQ%3D%3D\" href=\"https:\/\/www.belvederehotel.it\/wp-content\/uploads\/2025\/07\/118-scaled.jpg\"><figure class=\"swiper-slide-inner\"><img decoding=\"async\" class=\"swiper-slide-image\" src=\"https:\/\/www.belvederehotel.it\/wp-content\/uploads\/2025\/07\/118-150x150.jpg\" alt=\"118\" \/><\/figure><\/a><\/div><div class=\"swiper-slide\" role=\"group\" aria-roledescription=\"slide\" aria-label=\"12 de 15\"><a data-elementor-open-lightbox=\"yes\" data-elementor-lightbox-slideshow=\"a3ff3f0\" data-elementor-lightbox-title=\"114 room (16)\" data-e-action-hash=\"#elementor-action%3Aaction%3Dlightbox%26settings%3DeyJpZCI6MTUyNzEsInVybCI6Imh0dHBzOlwvXC93d3cuYmVsdmVkZXJlaG90ZWwuaXRcL3dwLWNvbnRlbnRcL3VwbG9hZHNcLzIwMjVcLzA3XC8xMTQtcm9vbS0xNi1zY2FsZWQuanBnIiwic2xpZGVzaG93IjoiYTNmZjNmMCJ9\" href=\"https:\/\/www.belvederehotel.it\/wp-content\/uploads\/2025\/07\/114-room-16-scaled.jpg\"><figure class=\"swiper-slide-inner\"><img decoding=\"async\" class=\"swiper-slide-image\" src=\"https:\/\/www.belvederehotel.it\/wp-content\/uploads\/2025\/07\/114-room-16-150x150.jpg\" alt=\"114 room (16)\" \/><\/figure><\/a><\/div><div class=\"swiper-slide\" role=\"group\" aria-roledescription=\"slide\" aria-label=\"13 de 15\"><a data-elementor-open-lightbox=\"yes\" data-elementor-lightbox-slideshow=\"a3ff3f0\" data-elementor-lightbox-title=\"114 room (18)\" data-e-action-hash=\"#elementor-action%3Aaction%3Dlightbox%26settings%3DeyJpZCI6MTUyNzQsInVybCI6Imh0dHBzOlwvXC93d3cuYmVsdmVkZXJlaG90ZWwuaXRcL3dwLWNvbnRlbnRcL3VwbG9hZHNcLzIwMjVcLzA3XC8xMTQtcm9vbS0xOC1zY2FsZWQuanBnIiwic2xpZGVzaG93IjoiYTNmZjNmMCJ9\" href=\"https:\/\/www.belvederehotel.it\/wp-content\/uploads\/2025\/07\/114-room-18-scaled.jpg\"><figure class=\"swiper-slide-inner\"><img decoding=\"async\" class=\"swiper-slide-image\" src=\"https:\/\/www.belvederehotel.it\/wp-content\/uploads\/2025\/07\/114-room-18-150x150.jpg\" alt=\"114 room (18)\" \/><\/figure><\/a><\/div><div class=\"swiper-slide\" role=\"group\" aria-roledescription=\"slide\" aria-label=\"14 de 15\"><a data-elementor-open-lightbox=\"yes\" data-elementor-lightbox-slideshow=\"a3ff3f0\" data-elementor-lightbox-title=\"118 room (12)\" data-e-action-hash=\"#elementor-action%3Aaction%3Dlightbox%26settings%3DeyJpZCI6MTUyODYsInVybCI6Imh0dHBzOlwvXC93d3cuYmVsdmVkZXJlaG90ZWwuaXRcL3dwLWNvbnRlbnRcL3VwbG9hZHNcLzIwMjVcLzA3XC8xMTgtcm9vbS0xMi1zY2FsZWQuanBnIiwic2xpZGVzaG93IjoiYTNmZjNmMCJ9\" href=\"https:\/\/www.belvederehotel.it\/wp-content\/uploads\/2025\/07\/118-room-12-scaled.jpg\"><figure class=\"swiper-slide-inner\"><img decoding=\"async\" class=\"swiper-slide-image\" src=\"https:\/\/www.belvederehotel.it\/wp-content\/uploads\/2025\/07\/118-room-12-150x150.jpg\" alt=\"118 room (12)\" \/><\/figure><\/a><\/div><div class=\"swiper-slide\" role=\"group\" aria-roledescription=\"slide\" aria-label=\"15 de 15\"><a data-elementor-open-lightbox=\"yes\" data-elementor-lightbox-slideshow=\"a3ff3f0\" data-elementor-lightbox-title=\"118 room (13)\" data-e-action-hash=\"#elementor-action%3Aaction%3Dlightbox%26settings%3DeyJpZCI6MTUyODksInVybCI6Imh0dHBzOlwvXC93d3cuYmVsdmVkZXJlaG90ZWwuaXRcL3dwLWNvbnRlbnRcL3VwbG9hZHNcLzIwMjVcLzA3XC8xMTgtcm9vbS0xMy1zY2FsZWQuanBnIiwic2xpZGVzaG93IjoiYTNmZjNmMCJ9\" href=\"https:\/\/www.belvederehotel.it\/wp-content\/uploads\/2025\/07\/118-room-13-scaled.jpg\"><figure class=\"swiper-slide-inner\"><img decoding=\"async\" class=\"swiper-slide-image\" src=\"https:\/\/www.belvederehotel.it\/wp-content\/uploads\/2025\/07\/118-room-13-150x150.jpg\" alt=\"118 room (13)\" \/><\/figure><\/a><\/div>\t\t\t<\/div>\n\t\t\t\t\t\t\t\t\t\t\t\t<div class=\"elementor-swiper-button elementor-swiper-button-prev\" role=\"button\" tabindex=\"0\">\n\t\t\t\t\t\t<svg aria-hidden=\"true\" class=\"e-font-icon-svg e-eicon-chevron-left\" viewBox=\"0 0 1000 1000\" xmlns=\"http:\/\/www.w3.org\/2000\/svg\"><path d=\"M646 125C629 125 613 133 604 142L308 442C296 454 292 471 292 487 292 504 296 521 308 533L604 854C617 867 629 875 646 875 663 875 679 871 692 858 704 846 713 829 713 812 713 796 708 779 692 767L438 487 692 225C700 217 708 204 708 187 708 171 704 154 692 142 675 129 663 125 646 125Z\"><\/path><\/svg>\t\t\t\t\t<\/div>\n\t\t\t\t\t<div class=\"elementor-swiper-button elementor-swiper-button-next\" role=\"button\" tabindex=\"0\">\n\t\t\t\t\t\t<svg aria-hidden=\"true\" class=\"e-font-icon-svg e-eicon-chevron-right\" viewBox=\"0 0 1000 1000\" xmlns=\"http:\/\/www.w3.org\/2000\/svg\"><path d=\"M696 533C708 521 713 504 713 487 713 471 708 454 696 446L400 146C388 133 375 125 354 125 338 125 325 129 313 142 300 154 292 171 292 187 292 204 296 221 308 233L563 492 304 771C292 783 288 800 288 817 288 833 296 850 308 863 321 871 338 875 354 875 371 875 388 867 400 854L696 533Z\"><\/path><\/svg>\t\t\t\t\t<\/div>\n\t\t\t\t\n\t\t\t\t\t\t\t\t\t<div class=\"swiper-pagination\"><\/div>\n\t\t\t\t\t\t\t\t\t<\/div>\n\t\t\t\t\t\t<\/div>\n\t\t\t\t<\/div>\n\t\t\t\t<\/div>\n\t\t<div class=\"elementor-element elementor-element-000c4c6 e-con-full e-flex e-con e-child\" data-id=\"000c4c6\" data-element_type=\"container\" data-e-type=\"container\">\n\t\t\t\t<div class=\"elementor-element elementor-element-0637f49 elementor-widget elementor-widget-text-editor\" data-id=\"0637f49\" data-element_type=\"widget\" data-e-type=\"widget\" data-widget_type=\"text-editor.default\">\n\t\t\t\t<div class=\"elementor-widget-container\">\n\t\t\t\t\t\t\t\t\t<h4>Descripci\u00f3n<\/h4><p>Junior Suite 36 m2, con peque\u00f1o sal\u00f3n, ba\u00f1o privado y terraza con vista al mar<\/p>\t\t\t\t\t\t\t\t<\/div>\n\t\t\t\t<\/div>\n\t\t\t\t<\/div>\n\t\t<div class=\"elementor-element elementor-element-d9632ec e-con-full e-flex e-con e-child\" data-id=\"d9632ec\" data-element_type=\"container\" data-e-type=\"container\">\n\t\t\t\t<div class=\"elementor-element elementor-element-550e09b elementor-widget elementor-widget-text-editor\" data-id=\"550e09b\" data-element_type=\"widget\" data-e-type=\"widget\" data-widget_type=\"text-editor.default\">\n\t\t\t\t<div class=\"elementor-widget-container\">\n\t\t\t\t\t\t\t\t\t<h4>Servicios<\/h4><ul><li>Aire acondicionado<\/li><li>Secador de pelo<\/li><li>Cassaforte &#8211; Minibar<\/li><li>Televisi\u00f3n por sat\u00e9lite<\/li><li>Wi-Fi<\/li><li>Terrazzo o Balcone<\/li><\/ul>\t\t\t\t\t\t\t\t<\/div>\n\t\t\t\t<\/div>\n\t\t\t\t<\/div>\n\t\t\t\t\t<\/div>\n\t\t\t\t<\/div>\n\t\t<div class=\"elementor-element elementor-element-8e5cbab e-grid e-con-boxed e-con e-parent\" data-id=\"8e5cbab\" data-element_type=\"container\" data-e-type=\"container\">\n\t\t\t\t\t<div class=\"e-con-inner\">\n\t\t\t\t<div class=\"elementor-element elementor-element-002d7c4 elementor-align-justify elementor-widget elementor-widget-button\" data-id=\"002d7c4\" data-element_type=\"widget\" data-e-type=\"widget\" data-widget_type=\"button.default\">\n\t\t\t\t<div class=\"elementor-widget-container\">\n\t\t\t\t\t\t\t\t\t<div class=\"elementor-button-wrapper\">\n\t\t\t\t\t<a class=\"elementor-button elementor-button-link elementor-size-sm\" href=\"#\">\n\t\t\t\t\t\t<span class=\"elementor-button-content-wrapper\">\n\t\t\t\t\t\t\t\t\t<span class=\"elementor-button-text\">Libro<\/span>\n\t\t\t\t\t<\/span>\n\t\t\t\t\t<\/a>\n\t\t\t\t<\/div>\n\t\t\t\t\t\t\t\t<\/div>\n\t\t\t\t<\/div>\n\t\t\t\t\t<\/div>\n\t\t\t\t<\/div>\n\t\t\t\t<\/div>\n\t\t","protected":false},"excerpt":{"rendered":"<p>Galleria foto Descripci\u00f3n Junior Suite 36 m2, con peque\u00f1o sal\u00f3n, ba\u00f1o privado y terraza con vista al mar Servicios Aire acondicionado Secador de pelo Cassaforte &#8211; Minibar Televisi\u00f3n por sat\u00e9lite Wi-Fi Terrazzo o Balcone Libro<\/p>\n","protected":false},"author":1,"featured_media":0,"parent":14282,"menu_order":0,"comment_status":"closed","ping_status":"closed","template":"","meta":{"footnotes":""},"class_list":["post-14566","page","type-page","status-publish","hentry"],"_links":{"self":[{"href":"https:\/\/www.belvederehotel.it\/es\/wp-json\/wp\/v2\/pages\/14566","targetHints":{"allow":["GET"]}}],"collection":[{"href":"https:\/\/www.belvederehotel.it\/es\/wp-json\/wp\/v2\/pages"}],"about":[{"href":"https:\/\/www.belvederehotel.it\/es\/wp-json\/wp\/v2\/types\/page"}],"author":[{"embeddable":true,"href":"https:\/\/www.belvederehotel.it\/es\/wp-json\/wp\/v2\/users\/1"}],"replies":[{"embeddable":true,"href":"https:\/\/www.belvederehotel.it\/es\/wp-json\/wp\/v2\/comments?post=14566"}],"version-history":[{"count":3,"href":"https:\/\/www.belvederehotel.it\/es\/wp-json\/wp\/v2\/pages\/14566\/revisions"}],"predecessor-version":[{"id":15303,"href":"https:\/\/www.belvederehotel.it\/es\/wp-json\/wp\/v2\/pages\/14566\/revisions\/15303"}],"up":[{"embeddable":true,"href":"https:\/\/www.belvederehotel.it\/es\/wp-json\/wp\/v2\/pages\/14282"}],"wp:attachment":[{"href":"https:\/\/www.belvederehotel.it\/es\/wp-json\/wp\/v2\/media?parent=14566"}],"curies":[{"name":"wp","href":"https:\/\/api.w.org\/{rel}","templated":true}]}}