{"id":14761,"date":"2025-03-20T10:57:06","date_gmt":"2025-03-20T09:57:06","guid":{"rendered":"http:\/\/www.belvederehotel.it\/servicios-2\/"},"modified":"2025-03-25T08:24:04","modified_gmt":"2025-03-25T07:24:04","slug":"servicios","status":"publish","type":"page","link":"https:\/\/www.belvederehotel.it\/es\/servicios\/","title":{"rendered":"Servicios"},"content":{"rendered":"\t\t<div data-elementor-type=\"wp-page\" data-elementor-id=\"14761\" class=\"elementor elementor-14761 elementor-14749\">\n\t\t\t\t<div class=\"elementor-element elementor-element-f77c565 e-flex e-con-boxed e-con e-parent\" data-id=\"f77c565\" data-element_type=\"container\" data-e-type=\"container\">\n\t\t\t\t\t<div class=\"e-con-inner\">\n\t\t<div class=\"elementor-element elementor-element-1eb2a0c e-con-full e-flex e-con e-child\" data-id=\"1eb2a0c\" data-element_type=\"container\" data-e-type=\"container\">\n\t\t\t\t<div class=\"elementor-element elementor-element-192c82b elementor-widget__width-inherit elementor-widget elementor-widget-carsten_core_image_with_text\" data-id=\"192c82b\" data-element_type=\"widget\" data-e-type=\"widget\" data-widget_type=\"carsten_core_image_with_text.default\">\n\t\t\t\t<div class=\"elementor-widget-container\">\n\t\t\t\t\t<div class=\"qodef-shortcode qodef-m  qodef-image-with-text qodef-layout--text-below  qodef--has-appear qodef--has-hover\" data-appear-delay=\"257\">\n\t<div class=\"qodef-m-image\">\n\t\t\t<img fetchpriority=\"high\" decoding=\"async\" width=\"600\" height=\"404\" src=\"https:\/\/www.belvederehotel.it\/wp-content\/uploads\/2025\/03\/Parcheggio.png\" class=\"attachment-full size-full\" alt=\"Parcheggio\" srcset=\"https:\/\/www.belvederehotel.it\/wp-content\/uploads\/2025\/03\/Parcheggio.png 600w, https:\/\/www.belvederehotel.it\/wp-content\/uploads\/2025\/03\/Parcheggio-300x202.png 300w\" sizes=\"(max-width: 600px) 100vw, 600px\" \/>\t<\/div>\n\t<div class=\"qodef-m-content\">\n\t\t\t<h4 class=\"qodef-m-title\" style=\"margin-top: 18px\">\n\t\t\t\t\tAparcamiento\t\t\t<\/h4>\n\t\t\t<div class=\"qodef-m-text\" ><p>Amplio y c\u00f3modo aparcamiento privado gratuito para hu\u00e9spedes, con servicio de aparcacoches.<br>Tambi\u00e9n hay una columna el\u00e9ctrica disponible para cargar su coche.<\/p><\/div>\n\t<\/div>\n<\/div>\n\t\t\t\t<\/div>\n\t\t\t\t<\/div>\n\t\t\t\t<\/div>\n\t\t<div class=\"elementor-element elementor-element-fac3ea2 e-con-full e-flex e-con e-child\" data-id=\"fac3ea2\" data-element_type=\"container\" data-e-type=\"container\">\n\t\t\t\t<div class=\"elementor-element elementor-element-9e077e7 elementor-widget__width-inherit elementor-widget elementor-widget-carsten_core_image_with_text\" data-id=\"9e077e7\" data-element_type=\"widget\" data-e-type=\"widget\" data-widget_type=\"carsten_core_image_with_text.default\">\n\t\t\t\t<div class=\"elementor-widget-container\">\n\t\t\t\t\t<div class=\"qodef-shortcode qodef-m  qodef-image-with-text qodef-layout--text-below  qodef--has-appear qodef--has-hover\" data-appear-delay=\"389\">\n\t<div class=\"qodef-m-image\">\n\t\t\t<img decoding=\"async\" width=\"940\" height=\"634\" src=\"https:\/\/www.belvederehotel.it\/wp-content\/uploads\/2025\/03\/Transfer-1-e1740918088728.jpg\" class=\"attachment-full size-full\" alt=\"\" srcset=\"https:\/\/www.belvederehotel.it\/wp-content\/uploads\/2025\/03\/Transfer-1-e1740918088728.jpg 940w, https:\/\/www.belvederehotel.it\/wp-content\/uploads\/2025\/03\/Transfer-1-e1740918088728-300x202.jpg 300w, https:\/\/www.belvederehotel.it\/wp-content\/uploads\/2025\/03\/Transfer-1-e1740918088728-768x518.jpg 768w\" sizes=\"(max-width: 940px) 100vw, 940px\" \/>\t<\/div>\n\t<div class=\"qodef-m-content\">\n\t\t\t<h4 class=\"qodef-m-title\" style=\"margin-top: 18px\">\n\t\t\t\t\tTransfer\t\t\t<\/h4>\n\t\t\t<div class=\"qodef-m-text\" ><p>Al llegar al aeropuerto o estaci\u00f3n de N\u00e1poles o Salerno es posible solicitar un servicio de traslado de pago con nuestro conductor de confianza.<\/p><\/div>\n\t<\/div>\n<\/div>\n\t\t\t\t<\/div>\n\t\t\t\t<\/div>\n\t\t\t\t<\/div>\n\t\t<div class=\"elementor-element elementor-element-05f36dc e-con-full e-flex e-con e-child\" data-id=\"05f36dc\" data-element_type=\"container\" data-e-type=\"container\">\n\t\t\t\t<div class=\"elementor-element elementor-element-fed8bc3 elementor-widget__width-inherit elementor-widget elementor-widget-carsten_core_image_with_text\" data-id=\"fed8bc3\" data-element_type=\"widget\" data-e-type=\"widget\" data-widget_type=\"carsten_core_image_with_text.default\">\n\t\t\t\t<div class=\"elementor-widget-container\">\n\t\t\t\t\t<div class=\"qodef-shortcode qodef-m  qodef-image-with-text qodef-layout--text-below  qodef--has-appear qodef--has-hover\" data-appear-delay=\"61\">\n\t<div class=\"qodef-m-image\">\n\t\t\t<img decoding=\"async\" width=\"700\" height=\"475\" src=\"https:\/\/www.belvederehotel.it\/wp-content\/uploads\/2025\/03\/Noleggio-barche-2.jpg\" class=\"attachment-full size-full\" alt=\"\" srcset=\"https:\/\/www.belvederehotel.it\/wp-content\/uploads\/2025\/03\/Noleggio-barche-2.jpg 700w, https:\/\/www.belvederehotel.it\/wp-content\/uploads\/2025\/03\/Noleggio-barche-2-300x204.jpg 300w\" sizes=\"(max-width: 700px) 100vw, 700px\" \/>\t<\/div>\n\t<div class=\"qodef-m-content\">\n\t\t\t<h4 class=\"qodef-m-title\" style=\"margin-top: 18px\">\n\t\t\t\t\tAlquiler de barcos\t\t\t<\/h4>\n\t\t\t<div class=\"qodef-m-text\" ><p>La mejor manera de descubrir la Costa Amalfitana es por mar. Es posible alquilar un barco con patr\u00f3n o un dinghy con embarcadero directamente desde el muelle del hotel.<\/p><\/div>\n\t<\/div>\n<\/div>\n\t\t\t\t<\/div>\n\t\t\t\t<\/div>\n\t\t\t\t<\/div>\n\t\t<div class=\"elementor-element elementor-element-245137b e-con-full e-flex e-con e-child\" data-id=\"245137b\" data-element_type=\"container\" data-e-type=\"container\">\n\t\t\t\t<div class=\"elementor-element elementor-element-c5c68fd elementor-widget__width-inherit elementor-widget elementor-widget-carsten_core_image_with_text\" data-id=\"c5c68fd\" data-element_type=\"widget\" data-e-type=\"widget\" data-widget_type=\"carsten_core_image_with_text.default\">\n\t\t\t\t<div class=\"elementor-widget-container\">\n\t\t\t\t\t<div class=\"qodef-shortcode qodef-m  qodef-image-with-text qodef-layout--text-below  qodef--has-appear qodef--has-hover\" data-appear-delay=\"136\">\n\t<div class=\"qodef-m-image\">\n\t\t\t<img loading=\"lazy\" decoding=\"async\" width=\"1129\" height=\"762\" src=\"https:\/\/www.belvederehotel.it\/wp-content\/uploads\/2025\/03\/Giardini.jpg\" class=\"attachment-full size-full\" alt=\"\" srcset=\"https:\/\/www.belvederehotel.it\/wp-content\/uploads\/2025\/03\/Giardini.jpg 1129w, https:\/\/www.belvederehotel.it\/wp-content\/uploads\/2025\/03\/Giardini-300x202.jpg 300w, https:\/\/www.belvederehotel.it\/wp-content\/uploads\/2025\/03\/Giardini-1024x691.jpg 1024w, https:\/\/www.belvederehotel.it\/wp-content\/uploads\/2025\/03\/Giardini-768x518.jpg 768w\" sizes=\"(max-width: 1129px) 100vw, 1129px\" \/>\t<\/div>\n\t<div class=\"qodef-m-content\">\n\t\t\t<h4 class=\"qodef-m-title\" style=\"margin-top: 18px\">\n\t\t\t\t\tJardines\t\t\t<\/h4>\n\t\t\t<div class=\"qodef-m-text\" ><p>Amplios jardines rodean amplios espacios del hotel.<\/p><\/div>\n\t<\/div>\n<\/div>\n\t\t\t\t<\/div>\n\t\t\t\t<\/div>\n\t\t\t\t<\/div>\n\t\t<div class=\"elementor-element elementor-element-c144ddc e-con-full e-flex e-con e-child\" data-id=\"c144ddc\" data-element_type=\"container\" data-e-type=\"container\">\n\t\t\t\t<div class=\"elementor-element elementor-element-8df8a87 elementor-widget__width-inherit elementor-widget elementor-widget-carsten_core_image_with_text\" data-id=\"8df8a87\" data-element_type=\"widget\" data-e-type=\"widget\" data-widget_type=\"carsten_core_image_with_text.default\">\n\t\t\t\t<div class=\"elementor-widget-container\">\n\t\t\t\t\t<div class=\"qodef-shortcode qodef-m  qodef-image-with-text qodef-layout--text-below  qodef--has-appear qodef--has-hover\" data-appear-delay=\"496\">\n\t<div class=\"qodef-m-image\">\n\t\t\t<img loading=\"lazy\" decoding=\"async\" width=\"940\" height=\"634\" src=\"https:\/\/www.belvederehotel.it\/wp-content\/uploads\/2025\/03\/Servizio-lavanderia-1.jpg\" class=\"attachment-full size-full\" alt=\"\" srcset=\"https:\/\/www.belvederehotel.it\/wp-content\/uploads\/2025\/03\/Servizio-lavanderia-1.jpg 940w, https:\/\/www.belvederehotel.it\/wp-content\/uploads\/2025\/03\/Servizio-lavanderia-1-300x202.jpg 300w, https:\/\/www.belvederehotel.it\/wp-content\/uploads\/2025\/03\/Servizio-lavanderia-1-768x518.jpg 768w\" sizes=\"(max-width: 940px) 100vw, 940px\" \/>\t<\/div>\n\t<div class=\"qodef-m-content\">\n\t\t\t<h4 class=\"qodef-m-title\" style=\"margin-top: 18px\">\n\t\t\t\t\tServicio de lavander\u00eda\t\t\t<\/h4>\n\t\t\t<div class=\"qodef-m-text\" ><p>Lavado, incluida limpieza en seco y planchado.<\/p><\/div>\n\t<\/div>\n<\/div>\n\t\t\t\t<\/div>\n\t\t\t\t<\/div>\n\t\t\t\t<\/div>\n\t\t<div class=\"elementor-element elementor-element-becfa8b e-con-full e-flex e-con e-child\" data-id=\"becfa8b\" data-element_type=\"container\" data-e-type=\"container\">\n\t\t\t\t<div class=\"elementor-element elementor-element-7f51ccb elementor-widget__width-inherit elementor-widget elementor-widget-carsten_core_image_with_text\" data-id=\"7f51ccb\" data-element_type=\"widget\" data-e-type=\"widget\" data-widget_type=\"carsten_core_image_with_text.default\">\n\t\t\t\t<div class=\"elementor-widget-container\">\n\t\t\t\t\t<div class=\"qodef-shortcode qodef-m  qodef-image-with-text qodef-layout--text-below  qodef--has-appear qodef--has-hover\" data-appear-delay=\"435\">\n\t<div class=\"qodef-m-image\">\n\t\t\t<img loading=\"lazy\" decoding=\"async\" width=\"768\" height=\"520\" src=\"https:\/\/www.belvederehotel.it\/wp-content\/uploads\/2025\/03\/Escursioni.jpg\" class=\"attachment-full size-full\" alt=\"\" srcset=\"https:\/\/www.belvederehotel.it\/wp-content\/uploads\/2025\/03\/Escursioni.jpg 768w, https:\/\/www.belvederehotel.it\/wp-content\/uploads\/2025\/03\/Escursioni-300x203.jpg 300w\" sizes=\"(max-width: 768px) 100vw, 768px\" \/>\t<\/div>\n\t<div class=\"qodef-m-content\">\n\t\t\t<h4 class=\"qodef-m-title\" style=\"margin-top: 18px\">\n\t\t\t\t\tExcursiones\t\t\t<\/h4>\n\t\t\t<div class=\"qodef-m-text\" ><p>Desde Amalfi hay barcos diarios que conectan todas las localidades de la costa desde Salerno hasta Sorrento y las islas de Capri e Ischia.<\/p><p>Tambi\u00e9n es posible llegar a Pompei, Herculano y Paestum en autob\u00fas privado o tur\u00edstico.<\/p><\/div>\n\t<\/div>\n<\/div>\n\t\t\t\t<\/div>\n\t\t\t\t<\/div>\n\t\t\t\t<\/div>\n\t\t\t\t\t<\/div>\n\t\t\t\t<\/div>\n\t\t<div class=\"elementor-element elementor-element-d16aca6 e-flex e-con-boxed e-con e-parent\" data-id=\"d16aca6\" data-element_type=\"container\" data-e-type=\"container\">\n\t\t\t\t\t<div class=\"e-con-inner\">\n\t\t\t\t\t<\/div>\n\t\t\t\t<\/div>\n\t\t\t\t<\/div>\n\t\t","protected":false},"excerpt":{"rendered":"<p>Aparcamiento Amplio y c\u00f3modo aparcamiento privado gratuito para hu\u00e9spedes, con servicio de aparcacoches.Tambi\u00e9n hay una columna el\u00e9ctrica disponible para cargar su coche. Transfer Al llegar al aeropuerto o estaci\u00f3n de N\u00e1poles o Salerno es posible solicitar un servicio de traslado de pago con nuestro conductor de confianza. Alquiler de barcos La mejor manera de descubrir [&hellip;]<\/p>\n","protected":false},"author":1,"featured_media":0,"parent":0,"menu_order":0,"comment_status":"closed","ping_status":"closed","template":"","meta":{"footnotes":""},"class_list":["post-14761","page","type-page","status-publish","hentry"],"_links":{"self":[{"href":"https:\/\/www.belvederehotel.it\/es\/wp-json\/wp\/v2\/pages\/14761","targetHints":{"allow":["GET"]}}],"collection":[{"href":"https:\/\/www.belvederehotel.it\/es\/wp-json\/wp\/v2\/pages"}],"about":[{"href":"https:\/\/www.belvederehotel.it\/es\/wp-json\/wp\/v2\/types\/page"}],"author":[{"embeddable":true,"href":"https:\/\/www.belvederehotel.it\/es\/wp-json\/wp\/v2\/users\/1"}],"replies":[{"embeddable":true,"href":"https:\/\/www.belvederehotel.it\/es\/wp-json\/wp\/v2\/comments?post=14761"}],"version-history":[{"count":5,"href":"https:\/\/www.belvederehotel.it\/es\/wp-json\/wp\/v2\/pages\/14761\/revisions"}],"predecessor-version":[{"id":14870,"href":"https:\/\/www.belvederehotel.it\/es\/wp-json\/wp\/v2\/pages\/14761\/revisions\/14870"}],"wp:attachment":[{"href":"https:\/\/www.belvederehotel.it\/es\/wp-json\/wp\/v2\/media?parent=14761"}],"curies":[{"name":"wp","href":"https:\/\/api.w.org\/{rel}","templated":true}]}}