{"id":14898,"date":"2025-03-25T09:10:44","date_gmt":"2025-03-25T08:10:44","guid":{"rendered":"http:\/\/www.belvederehotel.it\/politica-de-privacidad\/"},"modified":"2025-03-26T17:18:33","modified_gmt":"2025-03-26T16:18:33","slug":"politica-de-privacidad","status":"publish","type":"page","link":"https:\/\/www.belvederehotel.it\/es\/politica-de-privacidad\/","title":{"rendered":"Pol\u00edtica de privacidad"},"content":{"rendered":"\t\t<div data-elementor-type=\"wp-page\" data-elementor-id=\"14898\" class=\"elementor elementor-14898 elementor-14879\">\n\t\t\t\t<div class=\"elementor-element elementor-element-adb89fd e-flex e-con-boxed e-con e-parent\" data-id=\"adb89fd\" data-element_type=\"container\" data-e-type=\"container\">\n\t\t\t\t\t<div class=\"e-con-inner\">\n\t\t\t\t<div class=\"elementor-element elementor-element-6f4a5e2 elementor-widget elementor-widget-text-editor\" data-id=\"6f4a5e2\" data-element_type=\"widget\" data-e-type=\"widget\" data-widget_type=\"text-editor.default\">\n\t\t\t\t<div class=\"elementor-widget-container\">\n\t\t\t\t\t\t\t\t\t<h4>Informaci\u00f3n conforme al nuevo reglamento de protecci\u00f3n de datos personales (Reg. n. 679\/2016 &#8211; RGPD)<\/h4><div><p>El Reglamento (UE) 2016\/679 (\u00abReglamento General de Protecci\u00f3n de Datos\u00bb abreviado RGPD) prev\u00e9 la protecci\u00f3n de las personas y otros sujetos y el respeto del tratamiento de datos personales.<\/p><p>El primer principio del RGPD n. 679\/2016 es la rendici\u00f3n de cuentas, es decir, la responsabilidad del Responsable del tratamiento y de todos los componentes de su organizaci\u00f3n en la gesti\u00f3n de los datos. <\/p><\/div><h4>Quienes somos<\/h4><p>La direcci\u00f3n de nuestro sitio web es: https:\/\/www.belvederehotel.it<br> El responsable del tratamiento de datos es:<br> Hotel Belvedere S.r.l.<br> Calle Esmeralda, 19<br> 84010 &#8211; Conca dei Marini (SA)<br> Correo electr\u00f3nico: belvedere @ belvederehotel.it<br> PEC: hotelbelvederesrl @ arubapec.it<br>El responsable del tratamiento de los datos es: Antonio Barbaro<\/p><h4>Formulario de contacto<\/h4><p>Utilizamos un formulario de contacto en el que s\u00f3lo se solicita el nombre y el buz\u00f3n de correo, del que no hay m\u00e1s reconocimiento que la IP de conexi\u00f3n. Los datos del formulario no se almacenan ni se conservan en el servidor del proveedor de alojamiento.<\/p><h2>Con qui\u00e9n compartimos tus datos<\/h2><p>No se comparten datos personales<\/p>\t\t\t\t\t\t\t\t<\/div>\n\t\t\t\t<\/div>\n\t\t\t\t\t<\/div>\n\t\t\t\t<\/div>\n\t\t\t\t<\/div>\n\t\t","protected":false},"excerpt":{"rendered":"<p>Informaci\u00f3n conforme al nuevo reglamento de protecci\u00f3n de datos personales (Reg. n. 679\/2016 &#8211; RGPD) El Reglamento (UE) 2016\/679 (\u00abReglamento General de Protecci\u00f3n de Datos\u00bb abreviado RGPD) prev\u00e9 la protecci\u00f3n de las personas y otros sujetos y el respeto del tratamiento de datos personales. El primer principio del RGPD n. 679\/2016 es la rendici\u00f3n de [&hellip;]<\/p>\n","protected":false},"author":1,"featured_media":0,"parent":0,"menu_order":0,"comment_status":"closed","ping_status":"closed","template":"","meta":{"footnotes":""},"class_list":["post-14898","page","type-page","status-publish","hentry"],"_links":{"self":[{"href":"https:\/\/www.belvederehotel.it\/es\/wp-json\/wp\/v2\/pages\/14898","targetHints":{"allow":["GET"]}}],"collection":[{"href":"https:\/\/www.belvederehotel.it\/es\/wp-json\/wp\/v2\/pages"}],"about":[{"href":"https:\/\/www.belvederehotel.it\/es\/wp-json\/wp\/v2\/types\/page"}],"author":[{"embeddable":true,"href":"https:\/\/www.belvederehotel.it\/es\/wp-json\/wp\/v2\/users\/1"}],"replies":[{"embeddable":true,"href":"https:\/\/www.belvederehotel.it\/es\/wp-json\/wp\/v2\/comments?post=14898"}],"version-history":[{"count":2,"href":"https:\/\/www.belvederehotel.it\/es\/wp-json\/wp\/v2\/pages\/14898\/revisions"}],"predecessor-version":[{"id":14904,"href":"https:\/\/www.belvederehotel.it\/es\/wp-json\/wp\/v2\/pages\/14898\/revisions\/14904"}],"wp:attachment":[{"href":"https:\/\/www.belvederehotel.it\/es\/wp-json\/wp\/v2\/media?parent=14898"}],"curies":[{"name":"wp","href":"https:\/\/api.w.org\/{rel}","templated":true}]}}